{"id":3557,"date":"2023-11-09T15:20:10","date_gmt":"2023-11-09T14:20:10","guid":{"rendered":"https:\/\/www.tecmaaluminium.com\/train-strut\/"},"modified":"2024-09-20T15:38:34","modified_gmt":"2024-09-20T13:38:34","slug":"train-strut","status":"publish","type":"page","link":"https:\/\/www.tecmaaluminium.com\/en-US\/train-strut\/","title":{"rendered":"TRAIN STRUT"},"content":{"rendered":"\t\t<div data-elementor-type=\"wp-page\" data-elementor-id=\"3557\" class=\"elementor elementor-3557 elementor-2497\" data-elementor-post-type=\"page\">\n\t\t\t\t<div class=\"elementor-element elementor-element-12bf315 e-con-full e-flex e-con e-parent\" data-id=\"12bf315\" data-element_type=\"container\" data-e-type=\"container\">\n\t\t<div class=\"elementor-element elementor-element-38a8ab7 e-con-full e-flex e-con e-child\" data-id=\"38a8ab7\" data-element_type=\"container\" data-e-type=\"container\">\n\t\t\t\t<div class=\"elementor-element elementor-element-7a7726a elementor-widget elementor-widget-heading\" data-id=\"7a7726a\" data-element_type=\"widget\" data-e-type=\"widget\" data-widget_type=\"heading.default\">\n\t\t\t\t<div class=\"elementor-widget-container\">\n\t\t\t\t\t<h2 class=\"elementor-heading-title elementor-size-default\"><a href=\"https:\/\/www.tecmaaluminium.com\/case-studies\/\">Case Studies<\/a><\/h2>\t\t\t\t<\/div>\n\t\t\t\t<\/div>\n\t\t\t\t<\/div>\n\t\t\t\t<\/div>\n\t\t<div class=\"elementor-element elementor-element-fb5ef97 e-con-full e-flex e-con e-parent\" data-id=\"fb5ef97\" data-element_type=\"container\" data-e-type=\"container\">\n\t\t<div class=\"elementor-element elementor-element-24da532 e-grid e-con-full e-con e-child\" data-id=\"24da532\" data-element_type=\"container\" data-e-type=\"container\">\n\t\t\t\t<div class=\"elementor-element elementor-element-a642151 elementor-widget__width-inherit elementor-pagination-position-outside elementor-widget elementor-widget-image-carousel\" data-id=\"a642151\" data-element_type=\"widget\" data-e-type=\"widget\" data-settings=\"{&quot;slides_to_show&quot;:&quot;1&quot;,&quot;navigation&quot;:&quot;dots&quot;,&quot;lazyload&quot;:&quot;yes&quot;,&quot;autoplay&quot;:&quot;no&quot;,&quot;infinite&quot;:&quot;yes&quot;,&quot;effect&quot;:&quot;slide&quot;,&quot;speed&quot;:500}\" data-widget_type=\"image-carousel.default\">\n\t\t\t\t<div class=\"elementor-widget-container\">\n\t\t\t\t\t\t\t<div class=\"elementor-image-carousel-wrapper swiper\" role=\"region\" aria-roledescription=\"carousel\" aria-label=\"Image Carousel\" dir=\"ltr\">\n\t\t\t<div class=\"elementor-image-carousel swiper-wrapper\" aria-live=\"polite\">\n\t\t\t\t\t\t\t\t<div class=\"swiper-slide\" role=\"group\" aria-roledescription=\"slide\" aria-label=\"1 of 2\"><figure class=\"swiper-slide-inner\"><img class=\"swiper-slide-image swiper-lazy\" data-src=\"https:\/\/www.tecmaaluminium.com\/wp-content\/uploads\/2023\/11\/TRAIN_STRUT_g01.jpg\" alt=\"TRAIN_STRUT_g01\" \/><div class=\"swiper-lazy-preloader\"><\/div><\/figure><\/div><div class=\"swiper-slide\" role=\"group\" aria-roledescription=\"slide\" aria-label=\"2 of 2\"><figure class=\"swiper-slide-inner\"><img class=\"swiper-slide-image swiper-lazy\" data-src=\"https:\/\/www.tecmaaluminium.com\/wp-content\/uploads\/2023\/11\/TRAIN_STRUT.jpg\" alt=\"TRAIN_STRUT\" \/><div class=\"swiper-lazy-preloader\"><\/div><\/figure><\/div>\t\t\t<\/div>\n\t\t\t\t\t\t\t\n\t\t\t\t\t\t\t\t\t<div class=\"swiper-pagination\"><\/div>\n\t\t\t\t\t\t\t\t\t<\/div>\n\t\t\t\t\t\t<\/div>\n\t\t\t\t<\/div>\n\t\t<div class=\"elementor-element elementor-element-26b73cb e-flex e-con-boxed e-con e-child\" data-id=\"26b73cb\" data-element_type=\"container\" data-e-type=\"container\">\n\t\t\t\t\t<div class=\"e-con-inner\">\n\t\t\t\t<div class=\"elementor-element elementor-element-ad4a4f4 elementor-widget elementor-widget-heading\" data-id=\"ad4a4f4\" data-element_type=\"widget\" data-e-type=\"widget\" data-widget_type=\"heading.default\">\n\t\t\t\t<div class=\"elementor-widget-container\">\n\t\t\t\t\t<h2 class=\"elementor-heading-title elementor-size-default\">TRAIN STRUT<\/h2>\t\t\t\t<\/div>\n\t\t\t\t<\/div>\n\t\t\t\t<div class=\"elementor-element elementor-element-f7fcf59 elementor-widget elementor-widget-image\" data-id=\"f7fcf59\" data-element_type=\"widget\" data-e-type=\"widget\" data-widget_type=\"image.default\">\n\t\t\t\t<div class=\"elementor-widget-container\">\n\t\t\t\t\t\t\t\t\t\t\t\t\t\t\t<img decoding=\"async\" width=\"124\" height=\"3\" src=\"https:\/\/www.tecmaaluminium.com\/wp-content\/uploads\/2023\/09\/separador_petit.svg\" class=\"attachment-full size-full wp-image-190\" alt=\"\" \/>\t\t\t\t\t\t\t\t\t\t\t\t\t\t\t<\/div>\n\t\t\t\t<\/div>\n\t\t\t\t<div class=\"elementor-element elementor-element-e498a23 elementor-widget elementor-widget-text-editor\" data-id=\"e498a23\" data-element_type=\"widget\" data-e-type=\"widget\" data-widget_type=\"text-editor.default\">\n\t\t\t\t<div class=\"elementor-widget-container\">\n\t\t\t\t\t\t\t\t\t<div class=\"elementor-element elementor-element-a05278e elementor-widget elementor-widget-text-editor\" data-id=\"a05278e\" data-element_type=\"widget\" data-widget_type=\"text-editor.default\">\n<div class=\"elementor-widget-container\">\n<p><strong>ALLOY<\/strong><br \/>EN AW 6005A T6<br \/><strong>PROCESS<\/strong><br \/>5 axes Machined<br \/><strong>FINISH<\/strong><br \/>Sandblasted<br \/><strong>DIMENSIONS<\/strong><br \/>150 x 160 x 2.055 mm<\/p>\n<\/div>\n<\/div>\n<div class=\"elementor-element elementor-element-4ea67b2 elementor-align-center elementor-widget elementor-widget-button\" data-id=\"4ea67b2\" data-element_type=\"widget\" data-widget_type=\"button.default\">\n<div class=\"elementor-widget-container\">\n<div class=\"elementor-button-wrapper\"> <\/div>\n<\/div>\n<\/div>\n\t\t\t\t\t\t\t\t<\/div>\n\t\t\t\t<\/div>\n\t\t\t\t<div class=\"elementor-element elementor-element-53888c6 elementor-widget elementor-widget-image\" data-id=\"53888c6\" data-element_type=\"widget\" data-e-type=\"widget\" data-widget_type=\"image.default\">\n\t\t\t\t<div class=\"elementor-widget-container\">\n\t\t\t\t\t\t\t\t\t\t\t\t\t\t\t<img decoding=\"async\" width=\"124\" height=\"3\" src=\"https:\/\/www.tecmaaluminium.com\/wp-content\/uploads\/2023\/09\/separador_petit.svg\" class=\"attachment-full size-full wp-image-190\" alt=\"\" \/>\t\t\t\t\t\t\t\t\t\t\t\t\t\t\t<\/div>\n\t\t\t\t<\/div>\n\t\t\t\t<div class=\"elementor-element elementor-element-0302e7a elementor-widget elementor-widget-text-editor\" data-id=\"0302e7a\" data-element_type=\"widget\" data-e-type=\"widget\" data-widget_type=\"text-editor.default\">\n\t\t\t\t<div class=\"elementor-widget-container\">\n\t\t\t\t\t\t\t\t\t<p>Our clients have the intellectual property of the pictures.<\/p>\n\t\t\t\t\t\t\t\t<\/div>\n\t\t\t\t<\/div>\n\t\t\t\t\t<\/div>\n\t\t\t\t<\/div>\n\t\t\t\t<\/div>\n\t\t\t\t<\/div>\n\t\t<div class=\"elementor-element elementor-element-e5542b1 e-con-full e-flex e-con e-parent\" data-id=\"e5542b1\" data-element_type=\"container\" data-e-type=\"container\">\n\t\t\t\t<\/div>\n\t\t<div class=\"elementor-element elementor-element-2f9c052 e-flex e-con-boxed e-con e-parent\" data-id=\"2f9c052\" data-element_type=\"container\" data-e-type=\"container\" data-settings=\"{&quot;background_background&quot;:&quot;classic&quot;}\">\n\t\t\t\t\t<div class=\"e-con-inner\">\n\t\t<div class=\"elementor-element elementor-element-bf17965 e-grid e-con-boxed e-con e-child\" data-id=\"bf17965\" data-element_type=\"container\" data-e-type=\"container\">\n\t\t\t\t\t<div class=\"e-con-inner\">\n\t\t<div class=\"elementor-element elementor-element-fe3d26f e-flex e-con-boxed e-con e-child\" data-id=\"fe3d26f\" data-element_type=\"container\" data-e-type=\"container\">\n\t\t\t\t\t<div class=\"e-con-inner\">\n\t\t\t\t<div class=\"elementor-element elementor-element-1f13222 elementor-widget elementor-widget-heading\" data-id=\"1f13222\" data-element_type=\"widget\" data-e-type=\"widget\" data-widget_type=\"heading.default\">\n\t\t\t\t<div class=\"elementor-widget-container\">\n\t\t\t\t\t<h2 class=\"elementor-heading-title elementor-size-default\">Discover our<br>one-stop-shop process<\/h2>\t\t\t\t<\/div>\n\t\t\t\t<\/div>\n\t\t\t\t<div class=\"elementor-element elementor-element-0d44e78 elementor-align-center elementor-widget elementor-widget-button\" data-id=\"0d44e78\" data-element_type=\"widget\" data-e-type=\"widget\" data-widget_type=\"button.default\">\n\t\t\t\t<div class=\"elementor-widget-container\">\n\t\t\t\t\t\t\t\t\t<div class=\"elementor-button-wrapper\">\n\t\t\t\t\t<a class=\"elementor-button elementor-button-link elementor-size-sm\" href=\"https:\/\/www.tecmaaluminium.com\/en-US\/one-stop-shop\/\">\n\t\t\t\t\t\t<span class=\"elementor-button-content-wrapper\">\n\t\t\t\t\t\t\t\t\t<span class=\"elementor-button-text\">Learn more<\/span>\n\t\t\t\t\t<\/span>\n\t\t\t\t\t<\/a>\n\t\t\t\t<\/div>\n\t\t\t\t\t\t\t\t<\/div>\n\t\t\t\t<\/div>\n\t\t\t\t\t<\/div>\n\t\t\t\t<\/div>\n\t\t<div class=\"elementor-element elementor-element-cebd664 e-flex e-con-boxed e-con e-child\" data-id=\"cebd664\" data-element_type=\"container\" data-e-type=\"container\">\n\t\t\t\t\t<div class=\"e-con-inner\">\n\t\t\t\t<div class=\"elementor-element elementor-element-acdbd11 elementor-widget elementor-widget-heading\" data-id=\"acdbd11\" data-element_type=\"widget\" data-e-type=\"widget\" data-widget_type=\"heading.default\">\n\t\t\t\t<div class=\"elementor-widget-container\">\n\t\t\t\t\t<h2 class=\"elementor-heading-title elementor-size-default\">Are you ready<br>to get started?<\/h2>\t\t\t\t<\/div>\n\t\t\t\t<\/div>\n\t\t\t\t<div class=\"elementor-element elementor-element-9c1343b elementor-align-center elementor-widget elementor-widget-button\" data-id=\"9c1343b\" data-element_type=\"widget\" data-e-type=\"widget\" data-widget_type=\"button.default\">\n\t\t\t\t<div class=\"elementor-widget-container\">\n\t\t\t\t\t\t\t\t\t<div class=\"elementor-button-wrapper\">\n\t\t\t\t\t<a class=\"elementor-button elementor-button-link elementor-size-sm\" href=\"https:\/\/www.tecmaaluminium.com\/en-US\/get-a-quote\/\" target=\"_blank\">\n\t\t\t\t\t\t<span class=\"elementor-button-content-wrapper\">\n\t\t\t\t\t\t\t\t\t<span class=\"elementor-button-text\">Learn more<\/span>\n\t\t\t\t\t<\/span>\n\t\t\t\t\t<\/a>\n\t\t\t\t<\/div>\n\t\t\t\t\t\t\t\t<\/div>\n\t\t\t\t<\/div>\n\t\t\t\t\t<\/div>\n\t\t\t\t<\/div>\n\t\t\t\t\t<\/div>\n\t\t\t\t<\/div>\n\t\t\t\t\t<\/div>\n\t\t\t\t<\/div>\n\t\t\t\t<\/div>\n\t\t","protected":false},"excerpt":{"rendered":"<p>Case Studies TRAIN STRUT ALLOYEN AW 6005A T6PROCESS5 axes MachinedFINISHSandblastedDIMENSIONS150 x 160 x 2.055 mm Our clients have the intellectual property of the pictures. Discover ourone-stop-shop process Learn more Are you readyto get started? Learn more<\/p>\n","protected":false},"author":2,"featured_media":0,"parent":0,"menu_order":0,"comment_status":"closed","ping_status":"closed","template":"","meta":{"footnotes":""},"class_list":["post-3557","page","type-page","status-publish","hentry"],"yoast_head":"<!-- This site is optimized with the Yoast SEO plugin v27.3 - https:\/\/yoast.com\/product\/yoast-seo-wordpress\/ -->\n<title>TRAIN STRUT - TECMA Aluminium<\/title>\n<meta name=\"robots\" content=\"index, follow, max-snippet:-1, max-image-preview:large, max-video-preview:-1\" \/>\n<link rel=\"canonical\" href=\"https:\/\/www.tecmaaluminium.com\/en-US\/train-strut\/\" \/>\n<meta property=\"og:locale\" content=\"en_US\" \/>\n<meta property=\"og:type\" content=\"article\" \/>\n<meta property=\"og:title\" content=\"TRAIN STRUT - TECMA Aluminium\" \/>\n<meta property=\"og:description\" content=\"Case Studies TRAIN STRUT ALLOYEN AW 6005A T6PROCESS5 axes MachinedFINISHSandblastedDIMENSIONS150 x 160 x 2.055 mm Our clients have the intellectual property of the pictures. Discover ourone-stop-shop process Learn more Are you readyto get started? Learn more\" \/>\n<meta property=\"og:url\" content=\"https:\/\/www.tecmaaluminium.com\/en-US\/train-strut\/\" \/>\n<meta property=\"og:site_name\" content=\"TECMA Aluminium\" \/>\n<meta property=\"article:modified_time\" content=\"2024-09-20T13:38:34+00:00\" \/>\n<meta property=\"og:image\" content=\"https:\/\/www.tecmaaluminium.com\/wp-content\/uploads\/2023\/11\/TRAIN_STRUT_g01.jpg\" \/>\n<meta name=\"twitter:card\" content=\"summary_large_image\" \/>\n<script type=\"application\/ld+json\" class=\"yoast-schema-graph\">{\"@context\":\"https:\\\/\\\/schema.org\",\"@graph\":[{\"@type\":\"WebPage\",\"@id\":\"https:\\\/\\\/www.tecmaaluminium.com\\\/en-US\\\/train-strut\\\/\",\"url\":\"https:\\\/\\\/www.tecmaaluminium.com\\\/en-US\\\/train-strut\\\/\",\"name\":\"TRAIN STRUT - TECMA Aluminium\",\"isPartOf\":{\"@id\":\"https:\\\/\\\/www.tecmaaluminium.com\\\/en-US\\\/#website\"},\"primaryImageOfPage\":{\"@id\":\"https:\\\/\\\/www.tecmaaluminium.com\\\/en-US\\\/train-strut\\\/#primaryimage\"},\"image\":{\"@id\":\"https:\\\/\\\/www.tecmaaluminium.com\\\/en-US\\\/train-strut\\\/#primaryimage\"},\"thumbnailUrl\":\"https:\\\/\\\/www.tecmaaluminium.com\\\/wp-content\\\/uploads\\\/2023\\\/11\\\/TRAIN_STRUT_g01.jpg\",\"datePublished\":\"2023-11-09T14:20:10+00:00\",\"dateModified\":\"2024-09-20T13:38:34+00:00\",\"breadcrumb\":{\"@id\":\"https:\\\/\\\/www.tecmaaluminium.com\\\/en-US\\\/train-strut\\\/#breadcrumb\"},\"inLanguage\":\"en-US\",\"potentialAction\":[{\"@type\":\"ReadAction\",\"target\":[\"https:\\\/\\\/www.tecmaaluminium.com\\\/en-US\\\/train-strut\\\/\"]}]},{\"@type\":\"ImageObject\",\"inLanguage\":\"en-US\",\"@id\":\"https:\\\/\\\/www.tecmaaluminium.com\\\/en-US\\\/train-strut\\\/#primaryimage\",\"url\":\"https:\\\/\\\/www.tecmaaluminium.com\\\/wp-content\\\/uploads\\\/2023\\\/11\\\/TRAIN_STRUT_g01.jpg\",\"contentUrl\":\"https:\\\/\\\/www.tecmaaluminium.com\\\/wp-content\\\/uploads\\\/2023\\\/11\\\/TRAIN_STRUT_g01.jpg\"},{\"@type\":\"BreadcrumbList\",\"@id\":\"https:\\\/\\\/www.tecmaaluminium.com\\\/en-US\\\/train-strut\\\/#breadcrumb\",\"itemListElement\":[{\"@type\":\"ListItem\",\"position\":1,\"name\":\"Portada\",\"item\":\"https:\\\/\\\/www.tecmaaluminium.com\\\/en-US\\\/home\\\/\"},{\"@type\":\"ListItem\",\"position\":2,\"name\":\"TRAIN STRUT\"}]},{\"@type\":\"WebSite\",\"@id\":\"https:\\\/\\\/www.tecmaaluminium.com\\\/en-US\\\/#website\",\"url\":\"https:\\\/\\\/www.tecmaaluminium.com\\\/en-US\\\/\",\"name\":\"TECMA Aluminium\",\"description\":\"L\u00edderes nacionales en la mecanizaci\u00f3n y transformaci\u00f3n de piezas de aluminio\",\"publisher\":{\"@id\":\"https:\\\/\\\/www.tecmaaluminium.com\\\/en-US\\\/#organization\"},\"potentialAction\":[{\"@type\":\"SearchAction\",\"target\":{\"@type\":\"EntryPoint\",\"urlTemplate\":\"https:\\\/\\\/www.tecmaaluminium.com\\\/en-US\\\/?s={search_term_string}\"},\"query-input\":{\"@type\":\"PropertyValueSpecification\",\"valueRequired\":true,\"valueName\":\"search_term_string\"}}],\"inLanguage\":\"en-US\"},{\"@type\":\"Organization\",\"@id\":\"https:\\\/\\\/www.tecmaaluminium.com\\\/en-US\\\/#organization\",\"name\":\"TECMA Aluminium\",\"url\":\"https:\\\/\\\/www.tecmaaluminium.com\\\/en-US\\\/\",\"logo\":{\"@type\":\"ImageObject\",\"inLanguage\":\"en-US\",\"@id\":\"https:\\\/\\\/www.tecmaaluminium.com\\\/en-US\\\/#\\\/schema\\\/logo\\\/image\\\/\",\"url\":\"https:\\\/\\\/www.tecmaaluminium.com\\\/wp-content\\\/uploads\\\/2023\\\/08\\\/cropped-logo_TECMA.png\",\"contentUrl\":\"https:\\\/\\\/www.tecmaaluminium.com\\\/wp-content\\\/uploads\\\/2023\\\/08\\\/cropped-logo_TECMA.png\",\"width\":500,\"height\":129,\"caption\":\"TECMA Aluminium\"},\"image\":{\"@id\":\"https:\\\/\\\/www.tecmaaluminium.com\\\/en-US\\\/#\\\/schema\\\/logo\\\/image\\\/\"}}]}<\/script>\n<!-- \/ Yoast SEO plugin. -->","yoast_head_json":{"title":"TRAIN STRUT - TECMA Aluminium","robots":{"index":"index","follow":"follow","max-snippet":"max-snippet:-1","max-image-preview":"max-image-preview:large","max-video-preview":"max-video-preview:-1"},"canonical":"https:\/\/www.tecmaaluminium.com\/en-US\/train-strut\/","og_locale":"en_US","og_type":"article","og_title":"TRAIN STRUT - TECMA Aluminium","og_description":"Case Studies TRAIN STRUT ALLOYEN AW 6005A T6PROCESS5 axes MachinedFINISHSandblastedDIMENSIONS150 x 160 x 2.055 mm Our clients have the intellectual property of the pictures. Discover ourone-stop-shop process Learn more Are you readyto get started? Learn more","og_url":"https:\/\/www.tecmaaluminium.com\/en-US\/train-strut\/","og_site_name":"TECMA Aluminium","article_modified_time":"2024-09-20T13:38:34+00:00","og_image":[{"url":"https:\/\/www.tecmaaluminium.com\/wp-content\/uploads\/2023\/11\/TRAIN_STRUT_g01.jpg","type":"","width":"","height":""}],"twitter_card":"summary_large_image","schema":{"@context":"https:\/\/schema.org","@graph":[{"@type":"WebPage","@id":"https:\/\/www.tecmaaluminium.com\/en-US\/train-strut\/","url":"https:\/\/www.tecmaaluminium.com\/en-US\/train-strut\/","name":"TRAIN STRUT - TECMA Aluminium","isPartOf":{"@id":"https:\/\/www.tecmaaluminium.com\/en-US\/#website"},"primaryImageOfPage":{"@id":"https:\/\/www.tecmaaluminium.com\/en-US\/train-strut\/#primaryimage"},"image":{"@id":"https:\/\/www.tecmaaluminium.com\/en-US\/train-strut\/#primaryimage"},"thumbnailUrl":"https:\/\/www.tecmaaluminium.com\/wp-content\/uploads\/2023\/11\/TRAIN_STRUT_g01.jpg","datePublished":"2023-11-09T14:20:10+00:00","dateModified":"2024-09-20T13:38:34+00:00","breadcrumb":{"@id":"https:\/\/www.tecmaaluminium.com\/en-US\/train-strut\/#breadcrumb"},"inLanguage":"en-US","potentialAction":[{"@type":"ReadAction","target":["https:\/\/www.tecmaaluminium.com\/en-US\/train-strut\/"]}]},{"@type":"ImageObject","inLanguage":"en-US","@id":"https:\/\/www.tecmaaluminium.com\/en-US\/train-strut\/#primaryimage","url":"https:\/\/www.tecmaaluminium.com\/wp-content\/uploads\/2023\/11\/TRAIN_STRUT_g01.jpg","contentUrl":"https:\/\/www.tecmaaluminium.com\/wp-content\/uploads\/2023\/11\/TRAIN_STRUT_g01.jpg"},{"@type":"BreadcrumbList","@id":"https:\/\/www.tecmaaluminium.com\/en-US\/train-strut\/#breadcrumb","itemListElement":[{"@type":"ListItem","position":1,"name":"Portada","item":"https:\/\/www.tecmaaluminium.com\/en-US\/home\/"},{"@type":"ListItem","position":2,"name":"TRAIN STRUT"}]},{"@type":"WebSite","@id":"https:\/\/www.tecmaaluminium.com\/en-US\/#website","url":"https:\/\/www.tecmaaluminium.com\/en-US\/","name":"TECMA Aluminium","description":"L\u00edderes nacionales en la mecanizaci\u00f3n y transformaci\u00f3n de piezas de aluminio","publisher":{"@id":"https:\/\/www.tecmaaluminium.com\/en-US\/#organization"},"potentialAction":[{"@type":"SearchAction","target":{"@type":"EntryPoint","urlTemplate":"https:\/\/www.tecmaaluminium.com\/en-US\/?s={search_term_string}"},"query-input":{"@type":"PropertyValueSpecification","valueRequired":true,"valueName":"search_term_string"}}],"inLanguage":"en-US"},{"@type":"Organization","@id":"https:\/\/www.tecmaaluminium.com\/en-US\/#organization","name":"TECMA Aluminium","url":"https:\/\/www.tecmaaluminium.com\/en-US\/","logo":{"@type":"ImageObject","inLanguage":"en-US","@id":"https:\/\/www.tecmaaluminium.com\/en-US\/#\/schema\/logo\/image\/","url":"https:\/\/www.tecmaaluminium.com\/wp-content\/uploads\/2023\/08\/cropped-logo_TECMA.png","contentUrl":"https:\/\/www.tecmaaluminium.com\/wp-content\/uploads\/2023\/08\/cropped-logo_TECMA.png","width":500,"height":129,"caption":"TECMA Aluminium"},"image":{"@id":"https:\/\/www.tecmaaluminium.com\/en-US\/#\/schema\/logo\/image\/"}}]}},"_links":{"self":[{"href":"https:\/\/www.tecmaaluminium.com\/en-US\/wp-json\/wp\/v2\/pages\/3557","targetHints":{"allow":["GET"]}}],"collection":[{"href":"https:\/\/www.tecmaaluminium.com\/en-US\/wp-json\/wp\/v2\/pages"}],"about":[{"href":"https:\/\/www.tecmaaluminium.com\/en-US\/wp-json\/wp\/v2\/types\/page"}],"author":[{"embeddable":true,"href":"https:\/\/www.tecmaaluminium.com\/en-US\/wp-json\/wp\/v2\/users\/2"}],"replies":[{"embeddable":true,"href":"https:\/\/www.tecmaaluminium.com\/en-US\/wp-json\/wp\/v2\/comments?post=3557"}],"version-history":[{"count":3,"href":"https:\/\/www.tecmaaluminium.com\/en-US\/wp-json\/wp\/v2\/pages\/3557\/revisions"}],"predecessor-version":[{"id":3560,"href":"https:\/\/www.tecmaaluminium.com\/en-US\/wp-json\/wp\/v2\/pages\/3557\/revisions\/3560"}],"wp:attachment":[{"href":"https:\/\/www.tecmaaluminium.com\/en-US\/wp-json\/wp\/v2\/media?parent=3557"}],"curies":[{"name":"wp","href":"https:\/\/api.w.org\/{rel}","templated":true}]}}