{"id":2612,"date":"2023-09-13T14:37:29","date_gmt":"2023-09-13T12:37:29","guid":{"rendered":"https:\/\/tecmaaluminium.com\/contact\/"},"modified":"2023-11-22T16:04:30","modified_gmt":"2023-11-22T15:04:30","slug":"contact","status":"publish","type":"page","link":"https:\/\/www.tecmaaluminium.com\/en\/contact\/","title":{"rendered":"Contact"},"content":{"rendered":"\t\t<div data-elementor-type=\"wp-page\" data-elementor-id=\"2612\" class=\"elementor elementor-2612 elementor-896\" data-elementor-post-type=\"page\">\n\t\t\t\t<div class=\"elementor-element elementor-element-69d45c7 e-con-full e-flex e-con e-parent\" data-id=\"69d45c7\" data-element_type=\"container\" data-e-type=\"container\">\n\t\t<div class=\"elementor-element elementor-element-fc32cdc e-con-full e-flex e-con e-child\" data-id=\"fc32cdc\" data-element_type=\"container\" data-e-type=\"container\">\n\t\t\t\t<div class=\"elementor-element elementor-element-d182248 elementor-widget elementor-widget-heading\" data-id=\"d182248\" data-element_type=\"widget\" data-e-type=\"widget\" data-widget_type=\"heading.default\">\n\t\t\t\t<div class=\"elementor-widget-container\">\n\t\t\t\t\t<h2 class=\"elementor-heading-title elementor-size-default\">Contact<\/h2>\t\t\t\t<\/div>\n\t\t\t\t<\/div>\n\t\t\t\t<div class=\"elementor-element elementor-element-eca1098 elementor-widget elementor-widget-heading\" data-id=\"eca1098\" data-element_type=\"widget\" data-e-type=\"widget\" data-widget_type=\"heading.default\">\n\t\t\t\t<div class=\"elementor-widget-container\">\n\t\t\t\t\t<h2 class=\"elementor-heading-title elementor-size-default\">Can we help you?<br>\nGet in touch!<\/h2>\t\t\t\t<\/div>\n\t\t\t\t<\/div>\n\t\t\t\t<div class=\"elementor-element elementor-element-96a9335 elementor-widget elementor-widget-image\" data-id=\"96a9335\" data-element_type=\"widget\" data-e-type=\"widget\" data-widget_type=\"image.default\">\n\t\t\t\t<div class=\"elementor-widget-container\">\n\t\t\t\t\t\t\t\t\t\t\t\t\t\t\t<img decoding=\"async\" width=\"124\" height=\"3\" src=\"https:\/\/www.tecmaaluminium.com\/wp-content\/uploads\/2023\/09\/separador_petit.svg\" class=\"attachment-full size-full wp-image-189\" alt=\"\" \/>\t\t\t\t\t\t\t\t\t\t\t\t\t\t\t<\/div>\n\t\t\t\t<\/div>\n\t\t\t\t<\/div>\n\t\t\t\t<\/div>\n\t\t<div class=\"elementor-element elementor-element-f841696 e-con-full e-flex e-con e-parent\" data-id=\"f841696\" data-element_type=\"container\" data-e-type=\"container\" data-settings=\"{&quot;background_background&quot;:&quot;classic&quot;}\">\n\t\t<div class=\"elementor-element elementor-element-9c51796 e-grid e-con-full e-con e-child\" data-id=\"9c51796\" data-element_type=\"container\" data-e-type=\"container\">\n\t\t<div class=\"elementor-element elementor-element-134507c e-flex e-con-boxed e-con e-child\" data-id=\"134507c\" data-element_type=\"container\" data-e-type=\"container\">\n\t\t\t\t\t<div class=\"e-con-inner\">\n\t\t\t\t<div class=\"elementor-element elementor-element-09e1ae1 elementor-button-align-start elementor-widget__width-initial elementor-widget elementor-widget-form\" data-id=\"09e1ae1\" data-element_type=\"widget\" data-e-type=\"widget\" data-settings=\"{&quot;step_next_label&quot;:&quot;Siguiente&quot;,&quot;step_previous_label&quot;:&quot;Anterior&quot;,&quot;step_type&quot;:&quot;text&quot;,&quot;button_width&quot;:&quot;100&quot;}\" data-widget_type=\"form.default\">\n\t\t\t\t<div class=\"elementor-widget-container\">\n\t\t\t\t\t\t\t<form class=\"elementor-form\" method=\"post\" id=\"contact_2\" name=\"Contact\" aria-label=\"Contact\">\n\t\t\t<input type=\"hidden\" name=\"post_id\" value=\"2612\"\/>\n\t\t\t<input type=\"hidden\" name=\"form_id\" value=\"09e1ae1\"\/>\n\t\t\t<input type=\"hidden\" name=\"referer_title\" value=\"Contact - TECMA Aluminium\" \/>\n\n\t\t\t\t\t\t\t<input type=\"hidden\" name=\"queried_id\" value=\"2612\"\/>\n\t\t\t\n\t\t\t<div class=\"elementor-form-fields-wrapper elementor-labels-above\">\n\t\t\t\t\t\t\t\t<div class=\"elementor-field-type-text elementor-field-group elementor-column elementor-field-group-company elementor-col-100 elementor-field-required\">\n\t\t\t\t\t\t\t\t\t\t\t\t\t<input size=\"1\" type=\"text\" name=\"form_fields[company]\" id=\"form-field-company\" class=\"elementor-field elementor-size-sm  elementor-field-textual\" placeholder=\"Company*\" required=\"required\">\n\t\t\t\t\t\t\t\t\t\t\t<\/div>\n\t\t\t\t\t\t\t\t<div class=\"elementor-field-type-text elementor-field-group elementor-column elementor-field-group-contact_person elementor-col-100 elementor-field-required\">\n\t\t\t\t\t\t\t\t\t\t\t\t\t<input size=\"1\" type=\"text\" name=\"form_fields[contact_person]\" id=\"form-field-contact_person\" class=\"elementor-field elementor-size-sm  elementor-field-textual\" placeholder=\"Contact person*\" required=\"required\">\n\t\t\t\t\t\t\t\t\t\t\t<\/div>\n\t\t\t\t\t\t\t\t<div class=\"elementor-field-type-email elementor-field-group elementor-column elementor-field-group-email elementor-col-100 elementor-field-required\">\n\t\t\t\t\t\t\t\t\t\t\t\t\t<input size=\"1\" type=\"email\" name=\"form_fields[email]\" id=\"form-field-email\" class=\"elementor-field elementor-size-sm  elementor-field-textual\" placeholder=\"Email*\" required=\"required\">\n\t\t\t\t\t\t\t\t\t\t\t<\/div>\n\t\t\t\t\t\t\t\t<div class=\"elementor-field-type-tel elementor-field-group elementor-column elementor-field-group-phone elementor-col-100 elementor-field-required\">\n\t\t\t\t\t\t\t<input size=\"1\" type=\"tel\" name=\"form_fields[phone]\" id=\"form-field-phone\" class=\"elementor-field elementor-size-sm  elementor-field-textual\" placeholder=\"Phone\" required=\"required\" pattern=\"[0-9()#&amp;+*-=.]+\" title=\"Only numbers and phone characters (#, -, *, etc) are accepted.\">\n\n\t\t\t\t\t\t<\/div>\n\t\t\t\t\t\t\t\t<div class=\"elementor-field-type-textarea elementor-field-group elementor-column elementor-field-group-message elementor-col-100 elementor-field-required\">\n\t\t\t\t\t\t\t\t\t\t\t\t<label for=\"form-field-message\" class=\"elementor-field-label\">\n\t\t\t\t\t\t\t\tTell us what you need.*\t\t\t\t\t\t\t<\/label>\n\t\t\t\t\t\t<textarea class=\"elementor-field-textual elementor-field  elementor-size-sm\" name=\"form_fields[message]\" id=\"form-field-message\" rows=\"8\" required=\"required\"><\/textarea>\t\t\t\t<\/div>\n\t\t\t\t\t\t\t\t<div class=\"elementor-field-type-text\">\n\t\t\t\t\t<input size=\"1\" type=\"text\" name=\"form_fields[field_a8b7fd8]\" id=\"form-field-field_a8b7fd8\" class=\"elementor-field elementor-size-sm \" style=\"display:none !important;\">\t\t\t\t<\/div>\n\t\t\t\t\t\t\t\t<div class=\"elementor-field-type-acceptance elementor-field-group elementor-column elementor-field-group-field_e46f925 elementor-col-100 elementor-field-required\">\n\t\t\t\t\t\t\t<div class=\"elementor-field-subgroup\">\n\t\t\t<span class=\"elementor-field-option\">\n\t\t\t\t<input type=\"checkbox\" name=\"form_fields[field_e46f925]\" id=\"form-field-field_e46f925\" class=\"elementor-field elementor-size-sm  elementor-acceptance-field\" required=\"required\">\n\t\t\t\t<label for=\"form-field-field_e46f925\"><a href=\"https:\/\/tecmaaluminium.com\/politica-privacidad\/\" style=\"color:#2A5670;\" target=\"_blank\">\nAccept Privacy Policy\n<\/a><\/label>\t\t\t<\/span>\n\t\t<\/div>\n\t\t\t\t\t\t<\/div>\n\t\t\t\t\t\t\t\t<div class=\"elementor-field-group elementor-column elementor-field-type-submit elementor-col-100 e-form__buttons\">\n\t\t\t\t\t<button class=\"elementor-button elementor-size-sm\" type=\"submit\">\n\t\t\t\t\t\t<span class=\"elementor-button-content-wrapper\">\n\t\t\t\t\t\t\t\t\t\t\t\t\t\t\t\t\t\t\t\t\t\t<span class=\"elementor-button-text\">SEND<\/span>\n\t\t\t\t\t\t\t\t\t\t\t\t\t<\/span>\n\t\t\t\t\t<\/button>\n\t\t\t\t<\/div>\n\t\t\t<\/div>\n\t\t<\/form>\n\t\t\t\t\t\t<\/div>\n\t\t\t\t<\/div>\n\t\t\t\t\t<\/div>\n\t\t\t\t<\/div>\n\t\t<div class=\"elementor-element elementor-element-75f8690 e-flex e-con-boxed e-con e-child\" data-id=\"75f8690\" data-element_type=\"container\" data-e-type=\"container\">\n\t\t\t\t\t<div class=\"e-con-inner\">\n\t\t\t\t<div class=\"elementor-element elementor-element-cc2b7b7 elementor-widget elementor-widget-heading\" data-id=\"cc2b7b7\" data-element_type=\"widget\" data-e-type=\"widget\" data-widget_type=\"heading.default\">\n\t\t\t\t<div class=\"elementor-widget-container\">\n\t\t\t\t\t<h2 class=\"elementor-heading-title elementor-size-default\">Contact<br>\ninformation<\/h2>\t\t\t\t<\/div>\n\t\t\t\t<\/div>\n\t\t\t\t<div class=\"elementor-element elementor-element-5edaa5b elementor-widget elementor-widget-text-editor\" data-id=\"5edaa5b\" data-element_type=\"widget\" data-e-type=\"widget\" data-widget_type=\"text-editor.default\">\n\t\t\t\t<div class=\"elementor-widget-container\">\n\t\t\t\t\t\t\t\t\t<strong>TECMA ALUMINIUM<\/strong><br>\nheadquaters<br>\n<br>\nT. +34 972 59 48 37<br>\n<a href=\"mailto:info@tecmaaluminium.com\" style=\"color:#1ea8e8;\">info@tecmaaluminium.com<\/a>\t\t\t\t\t\t\t\t<\/div>\n\t\t\t\t<\/div>\n\t\t\t\t<div class=\"elementor-element elementor-element-3789057 elementor-widget__width-initial elementor-widget elementor-widget-text-editor\" data-id=\"3789057\" data-element_type=\"widget\" data-e-type=\"widget\" data-widget_type=\"text-editor.default\">\n\t\t\t\t<div class=\"elementor-widget-container\">\n\t\t\t\t\t\t\t\t\t<strong>Can your products and services help Tecma?<\/strong>\n\nAt Tecma, we are open to working with new suppliers who can help us deliver even more value to our customers. Do you think you can help?\n\nContact us: <a style=\"color: #1ea8e8;\" href=\"mailto:supplier@tecmaaluminium.com\">supplier@tecmaaluminium.com<\/a>\t\t\t\t\t\t\t\t<\/div>\n\t\t\t\t<\/div>\n\t\t\t\t\t<\/div>\n\t\t\t\t<\/div>\n\t\t\t\t<\/div>\n\t\t\t\t<\/div>\n\t\t<div class=\"elementor-element elementor-element-f91a7cd e-con-full e-flex e-con e-parent\" data-id=\"f91a7cd\" data-element_type=\"container\" data-e-type=\"container\">\n\t\t\t\t<div class=\"elementor-element elementor-element-f63f636 elementor-widget__width-inherit elementor-widget elementor-widget-google_maps\" data-id=\"f63f636\" data-element_type=\"widget\" data-e-type=\"widget\" data-widget_type=\"google_maps.default\">\n\t\t\t\t<div class=\"elementor-widget-container\">\n\t\t\t\t\t\t\t<div class=\"elementor-custom-embed\">\n\t\t\t<iframe loading=\"lazy\"\n\t\t\t\t\tsrc=\"https:\/\/maps.google.com\/maps?q=TECMA%20ALUMINIUM%2C%20Pol%C3%ADgon%20Industrial%20de%20Pont-Xetmar%2C%20Carrer%20P%2C%20Cornell%C3%A0%20del%20Terri&#038;t=m&#038;z=3&#038;output=embed&#038;iwloc=near\"\n\t\t\t\t\ttitle=\"TECMA ALUMINIUM, Pol\u00edgon Industrial de Pont-Xetmar, Carrer P, Cornell\u00e0 del Terri\"\n\t\t\t\t\taria-label=\"TECMA ALUMINIUM, Pol\u00edgon Industrial de Pont-Xetmar, Carrer P, Cornell\u00e0 del Terri\"\n\t\t\t><\/iframe>\n\t\t<\/div>\n\t\t\t\t\t\t<\/div>\n\t\t\t\t<\/div>\n\t\t\t\t<\/div>\n\t\t\t\t<\/div>\n\t\t","protected":false},"excerpt":{"rendered":"<p>Contact Can we help you? Get in touch! Contact information TECMA ALUMINIUM headquaters T. +34 972 59 48 37 info@tecmaaluminium.comCan your products and services help Tecma? At Tecma, we are open to working with new suppliers who can help us deliver even more value to our customers. Do you think you can help? Contact us: [&hellip;]<\/p>\n","protected":false},"author":2,"featured_media":0,"parent":0,"menu_order":0,"comment_status":"closed","ping_status":"closed","template":"","meta":{"footnotes":""},"class_list":["post-2612","page","type-page","status-publish","hentry"],"yoast_head":"<!-- This site is optimized with the Yoast SEO plugin v27.4 - https:\/\/yoast.com\/product\/yoast-seo-wordpress\/ -->\n<title>Contact - TECMA Aluminium<\/title>\n<meta name=\"robots\" content=\"index, follow, max-snippet:-1, max-image-preview:large, max-video-preview:-1\" \/>\n<link rel=\"canonical\" href=\"https:\/\/www.tecmaaluminium.com\/en\/contact\/\" \/>\n<meta property=\"og:locale\" content=\"en_GB\" \/>\n<meta property=\"og:type\" content=\"article\" \/>\n<meta property=\"og:title\" content=\"Contact - TECMA Aluminium\" \/>\n<meta property=\"og:description\" content=\"Contact Can we help you? Get in touch! Contact information TECMA ALUMINIUM headquaters T. +34 972 59 48 37 info@tecmaaluminium.comCan your products and services help Tecma? At Tecma, we are open to working with new suppliers who can help us deliver even more value to our customers. Do you think you can help? Contact us: [&hellip;]\" \/>\n<meta property=\"og:url\" content=\"https:\/\/www.tecmaaluminium.com\/en\/contact\/\" \/>\n<meta property=\"og:site_name\" content=\"TECMA Aluminium\" \/>\n<meta property=\"article:modified_time\" content=\"2023-11-22T15:04:30+00:00\" \/>\n<meta property=\"og:image\" content=\"https:\/\/www.tecmaaluminium.com\/wp-content\/uploads\/2023\/09\/separador_petit.svg\" \/>\n<meta name=\"twitter:card\" content=\"summary_large_image\" \/>\n<meta name=\"twitter:label1\" content=\"Estimated reading time\" \/>\n\t<meta name=\"twitter:data1\" content=\"1 minute\" \/>\n<script type=\"application\/ld+json\" class=\"yoast-schema-graph\">{\"@context\":\"https:\\\/\\\/schema.org\",\"@graph\":[{\"@type\":\"WebPage\",\"@id\":\"https:\\\/\\\/www.tecmaaluminium.com\\\/en\\\/contact\\\/\",\"url\":\"https:\\\/\\\/www.tecmaaluminium.com\\\/en\\\/contact\\\/\",\"name\":\"Contact - TECMA Aluminium\",\"isPartOf\":{\"@id\":\"https:\\\/\\\/www.tecmaaluminium.com\\\/en\\\/#website\"},\"primaryImageOfPage\":{\"@id\":\"https:\\\/\\\/www.tecmaaluminium.com\\\/en\\\/contact\\\/#primaryimage\"},\"image\":{\"@id\":\"https:\\\/\\\/www.tecmaaluminium.com\\\/en\\\/contact\\\/#primaryimage\"},\"thumbnailUrl\":\"https:\\\/\\\/www.tecmaaluminium.com\\\/wp-content\\\/uploads\\\/2023\\\/09\\\/separador_petit.svg\",\"datePublished\":\"2023-09-13T12:37:29+00:00\",\"dateModified\":\"2023-11-22T15:04:30+00:00\",\"breadcrumb\":{\"@id\":\"https:\\\/\\\/www.tecmaaluminium.com\\\/en\\\/contact\\\/#breadcrumb\"},\"inLanguage\":\"en-GB\",\"potentialAction\":[{\"@type\":\"ReadAction\",\"target\":[\"https:\\\/\\\/www.tecmaaluminium.com\\\/en\\\/contact\\\/\"]}]},{\"@type\":\"ImageObject\",\"inLanguage\":\"en-GB\",\"@id\":\"https:\\\/\\\/www.tecmaaluminium.com\\\/en\\\/contact\\\/#primaryimage\",\"url\":\"https:\\\/\\\/www.tecmaaluminium.com\\\/wp-content\\\/uploads\\\/2023\\\/09\\\/separador_petit.svg\",\"contentUrl\":\"https:\\\/\\\/www.tecmaaluminium.com\\\/wp-content\\\/uploads\\\/2023\\\/09\\\/separador_petit.svg\"},{\"@type\":\"BreadcrumbList\",\"@id\":\"https:\\\/\\\/www.tecmaaluminium.com\\\/en\\\/contact\\\/#breadcrumb\",\"itemListElement\":[{\"@type\":\"ListItem\",\"position\":1,\"name\":\"Portada\",\"item\":\"https:\\\/\\\/www.tecmaaluminium.com\\\/en\\\/inicio\\\/\"},{\"@type\":\"ListItem\",\"position\":2,\"name\":\"Contact\"}]},{\"@type\":\"WebSite\",\"@id\":\"https:\\\/\\\/www.tecmaaluminium.com\\\/en\\\/#website\",\"url\":\"https:\\\/\\\/www.tecmaaluminium.com\\\/en\\\/\",\"name\":\"TECMA Aluminium\",\"description\":\"L\u00edderes nacionales en la mecanizaci\u00f3n y transformaci\u00f3n de piezas de aluminio\",\"publisher\":{\"@id\":\"https:\\\/\\\/www.tecmaaluminium.com\\\/en\\\/#organization\"},\"potentialAction\":[{\"@type\":\"SearchAction\",\"target\":{\"@type\":\"EntryPoint\",\"urlTemplate\":\"https:\\\/\\\/www.tecmaaluminium.com\\\/en\\\/?s={search_term_string}\"},\"query-input\":{\"@type\":\"PropertyValueSpecification\",\"valueRequired\":true,\"valueName\":\"search_term_string\"}}],\"inLanguage\":\"en-GB\"},{\"@type\":\"Organization\",\"@id\":\"https:\\\/\\\/www.tecmaaluminium.com\\\/en\\\/#organization\",\"name\":\"TECMA Aluminium\",\"url\":\"https:\\\/\\\/www.tecmaaluminium.com\\\/en\\\/\",\"logo\":{\"@type\":\"ImageObject\",\"inLanguage\":\"en-GB\",\"@id\":\"https:\\\/\\\/www.tecmaaluminium.com\\\/en\\\/#\\\/schema\\\/logo\\\/image\\\/\",\"url\":\"https:\\\/\\\/www.tecmaaluminium.com\\\/wp-content\\\/uploads\\\/2023\\\/08\\\/cropped-logo_TECMA.png\",\"contentUrl\":\"https:\\\/\\\/www.tecmaaluminium.com\\\/wp-content\\\/uploads\\\/2023\\\/08\\\/cropped-logo_TECMA.png\",\"width\":500,\"height\":129,\"caption\":\"TECMA Aluminium\"},\"image\":{\"@id\":\"https:\\\/\\\/www.tecmaaluminium.com\\\/en\\\/#\\\/schema\\\/logo\\\/image\\\/\"}}]}<\/script>\n<!-- \/ Yoast SEO plugin. -->","yoast_head_json":{"title":"Contact - TECMA Aluminium","robots":{"index":"index","follow":"follow","max-snippet":"max-snippet:-1","max-image-preview":"max-image-preview:large","max-video-preview":"max-video-preview:-1"},"canonical":"https:\/\/www.tecmaaluminium.com\/en\/contact\/","og_locale":"en_GB","og_type":"article","og_title":"Contact - TECMA Aluminium","og_description":"Contact Can we help you? Get in touch! Contact information TECMA ALUMINIUM headquaters T. +34 972 59 48 37 info@tecmaaluminium.comCan your products and services help Tecma? At Tecma, we are open to working with new suppliers who can help us deliver even more value to our customers. Do you think you can help? Contact us: [&hellip;]","og_url":"https:\/\/www.tecmaaluminium.com\/en\/contact\/","og_site_name":"TECMA Aluminium","article_modified_time":"2023-11-22T15:04:30+00:00","og_image":[{"url":"https:\/\/www.tecmaaluminium.com\/wp-content\/uploads\/2023\/09\/separador_petit.svg","type":"","width":"","height":""}],"twitter_card":"summary_large_image","twitter_misc":{"Estimated reading time":"1 minute"},"schema":{"@context":"https:\/\/schema.org","@graph":[{"@type":"WebPage","@id":"https:\/\/www.tecmaaluminium.com\/en\/contact\/","url":"https:\/\/www.tecmaaluminium.com\/en\/contact\/","name":"Contact - TECMA Aluminium","isPartOf":{"@id":"https:\/\/www.tecmaaluminium.com\/en\/#website"},"primaryImageOfPage":{"@id":"https:\/\/www.tecmaaluminium.com\/en\/contact\/#primaryimage"},"image":{"@id":"https:\/\/www.tecmaaluminium.com\/en\/contact\/#primaryimage"},"thumbnailUrl":"https:\/\/www.tecmaaluminium.com\/wp-content\/uploads\/2023\/09\/separador_petit.svg","datePublished":"2023-09-13T12:37:29+00:00","dateModified":"2023-11-22T15:04:30+00:00","breadcrumb":{"@id":"https:\/\/www.tecmaaluminium.com\/en\/contact\/#breadcrumb"},"inLanguage":"en-GB","potentialAction":[{"@type":"ReadAction","target":["https:\/\/www.tecmaaluminium.com\/en\/contact\/"]}]},{"@type":"ImageObject","inLanguage":"en-GB","@id":"https:\/\/www.tecmaaluminium.com\/en\/contact\/#primaryimage","url":"https:\/\/www.tecmaaluminium.com\/wp-content\/uploads\/2023\/09\/separador_petit.svg","contentUrl":"https:\/\/www.tecmaaluminium.com\/wp-content\/uploads\/2023\/09\/separador_petit.svg"},{"@type":"BreadcrumbList","@id":"https:\/\/www.tecmaaluminium.com\/en\/contact\/#breadcrumb","itemListElement":[{"@type":"ListItem","position":1,"name":"Portada","item":"https:\/\/www.tecmaaluminium.com\/en\/inicio\/"},{"@type":"ListItem","position":2,"name":"Contact"}]},{"@type":"WebSite","@id":"https:\/\/www.tecmaaluminium.com\/en\/#website","url":"https:\/\/www.tecmaaluminium.com\/en\/","name":"TECMA Aluminium","description":"L\u00edderes nacionales en la mecanizaci\u00f3n y transformaci\u00f3n de piezas de aluminio","publisher":{"@id":"https:\/\/www.tecmaaluminium.com\/en\/#organization"},"potentialAction":[{"@type":"SearchAction","target":{"@type":"EntryPoint","urlTemplate":"https:\/\/www.tecmaaluminium.com\/en\/?s={search_term_string}"},"query-input":{"@type":"PropertyValueSpecification","valueRequired":true,"valueName":"search_term_string"}}],"inLanguage":"en-GB"},{"@type":"Organization","@id":"https:\/\/www.tecmaaluminium.com\/en\/#organization","name":"TECMA Aluminium","url":"https:\/\/www.tecmaaluminium.com\/en\/","logo":{"@type":"ImageObject","inLanguage":"en-GB","@id":"https:\/\/www.tecmaaluminium.com\/en\/#\/schema\/logo\/image\/","url":"https:\/\/www.tecmaaluminium.com\/wp-content\/uploads\/2023\/08\/cropped-logo_TECMA.png","contentUrl":"https:\/\/www.tecmaaluminium.com\/wp-content\/uploads\/2023\/08\/cropped-logo_TECMA.png","width":500,"height":129,"caption":"TECMA Aluminium"},"image":{"@id":"https:\/\/www.tecmaaluminium.com\/en\/#\/schema\/logo\/image\/"}}]}},"_links":{"self":[{"href":"https:\/\/www.tecmaaluminium.com\/en\/wp-json\/wp\/v2\/pages\/2612","targetHints":{"allow":["GET"]}}],"collection":[{"href":"https:\/\/www.tecmaaluminium.com\/en\/wp-json\/wp\/v2\/pages"}],"about":[{"href":"https:\/\/www.tecmaaluminium.com\/en\/wp-json\/wp\/v2\/types\/page"}],"author":[{"embeddable":true,"href":"https:\/\/www.tecmaaluminium.com\/en\/wp-json\/wp\/v2\/users\/2"}],"replies":[{"embeddable":true,"href":"https:\/\/www.tecmaaluminium.com\/en\/wp-json\/wp\/v2\/comments?post=2612"}],"version-history":[{"count":18,"href":"https:\/\/www.tecmaaluminium.com\/en\/wp-json\/wp\/v2\/pages\/2612\/revisions"}],"predecessor-version":[{"id":2891,"href":"https:\/\/www.tecmaaluminium.com\/en\/wp-json\/wp\/v2\/pages\/2612\/revisions\/2891"}],"wp:attachment":[{"href":"https:\/\/www.tecmaaluminium.com\/en\/wp-json\/wp\/v2\/media?parent=2612"}],"curies":[{"name":"wp","href":"https:\/\/api.w.org\/{rel}","templated":true}]}}