{"id":2640,"date":"2023-08-07T16:35:16","date_gmt":"2023-08-07T14:35:16","guid":{"rendered":"https:\/\/tecmaaluminium.com\/politica-de-privacidad\/"},"modified":"2024-10-17T14:51:17","modified_gmt":"2024-10-17T12:51:17","slug":"politica-de-privacidad","status":"publish","type":"page","link":"https:\/\/www.tecmaaluminium.com\/en\/politica-de-privacidad\/","title":{"rendered":"Privacy Policy"},"content":{"rendered":"\t\t<div data-elementor-type=\"wp-page\" data-elementor-id=\"2640\" class=\"elementor elementor-2640 elementor-3\" data-elementor-post-type=\"page\">\n\t\t\t\t<div class=\"elementor-element elementor-element-387e6ef5 e-con-full e-flex e-con e-parent\" data-id=\"387e6ef5\" data-element_type=\"container\" data-e-type=\"container\">\n\t\t\t\t<div class=\"elementor-element elementor-element-6c832ded elementor-widget__width-initial elementor-widget elementor-widget-text-editor\" data-id=\"6c832ded\" data-element_type=\"widget\" data-e-type=\"widget\" data-widget_type=\"text-editor.default\">\n\t\t\t\t<div class=\"elementor-widget-container\">\n\t\t\t\t\t\t\t\t\t\n<div class=\"content container\">\n<p class=\"has-large-font-size\"><strong>LEGAL NOTICE AND PRIVACY POLICY<\/strong><\/p>\n<p> <\/p>\n<p class=\"has-medium-font-size\"><strong>LEGAL NOTICE<\/strong><\/p>\n<p>In accordance with Law 34\/2002, on Information Society Services and Electronic Commerce, we inform you that this website is owned by:<\/p>\n<p><strong>Corporate Name:<\/strong> TECMA ALUMINIUM, S.L.<br><strong>NIF<\/strong>: B-17877424<br><strong>Address:<\/strong> Pol. Ind. Pont Xetmar, C\/ P no. 1, 17844 Cornell\u00e0 del Terri \u2013 Girona (Spain)<br><strong>Telephone<\/strong>: +34 972 594 837<br><strong>Email<\/strong>: info@tecmaaluminium.com<\/p>\n<p> <\/p>\n<p><strong>INTELLECTUAL AND INDUSTRIAL PROPERTY<\/strong><\/p>\n<p>The contents of this site, including texts, images, and graphic designs, belong to <strong>TECMA ALUMINIUM, S.L<\/strong>, or third parties who have authorized their use. <strong>TECMA ALUMINIUM, S.L.<\/strong> presents these contents for informational and promotional purposes. <strong>TECMA ALUMINIUM, S.L<\/strong>, authorizes their use exclusively for these purposes. Any use of these designs, images, or texts must explicitly cite their ownership&#8230; <strong>TECMA ALUMINIUM, S.L.<\/strong><\/p>\n<p> <\/p>\n<p><strong>DISCLAIMER OF LIABILITY<\/strong><\/p>\n<p><strong>TECMA ALUMINIUM, S.L<\/strong> acts with the utmost diligence to ensure that the data and information offered on its website are up to date at all times; however, it does not guarantee or assume responsibility for the accuracy and updating of the website\u2019s contents, reserving the right to modify such contents at any time. <strong>TECMA ALUMINIUM, S.L<\/strong> will also not be responsible for the information that may be obtained through links included on the website.<\/p>\n<p>Commercial relationships with clients will be governed by the General Conditions that, if applicable, are established by <strong>TECMA ALUMINIUM, S.L<\/strong> in a specific document for that purpose, or by the specific agreements that may be made with clients.<\/p>\n<p> <\/p>\n<p><strong>TERMS OF USE<\/strong><\/p>\n<p>The use of this website implies full acceptance of the terms of this legal notice. Any disputes related to this website will be governed exclusively by the law of the Spanish State. Every user of the website, regardless of the territorial jurisdiction from which access occurs, accepts compliance with these clauses and expressly waives any other jurisdiction that may apply.<\/p>\n<p> <\/p>\n<p class=\"has-medium-font-size\"><strong>PRIVACY POLICY<\/strong><\/p>\n<p><strong>FOR WHAT PURPOSE WILL <\/strong><strong>TECMA ALUMINIUM PROCESS THE USER&#8217;S PERSONAL DATA AND FOR HOW LONG?<\/strong><\/p>\n<p>The personal data provided through the Website will be processed by <strong>TECMA ALUMINIUM<\/strong> for the following purposes:<\/p>\n<ul>\n<li>Manage, process, and respond to user requests, inquiries, incidents, or questions when the user provides their data through the <strong>\u201cContact\u201d<\/strong> form. The user\u2019s data will be retained for this purpose until the user objects or withdraws their consent.<\/li>\n<li>Periodically send users information related to our products, services, news, events, or updates through our Newsletter, if the user consents by checking the&#8230; (falta que a la subscripci\u00f3 a la Newsletter hi hagi la casella de consentiment).<\/li>\n<li>Keep the user informed about TECMA ALUMINIUM&#8217;s updates on its social media profiles if the user follows TECMA ALUMINIUM on its profiles. Users who no longer wish to receive commercial communications about TECMA ALUMINIUM on social media should unfollow its profiles.<\/li>\n<\/ul>\n<p> <\/p>\n<p><strong>WHAT USER DATA WILL<\/strong> <strong>TECMA ALUMINIUM PROCESS<\/strong><strong>?<\/strong> <\/p>\n<p><strong>TECMA ALUMINIUM<\/strong> will process the following categories of user data: <\/p>\n<ul>\n<li>&#8211; Identification data<\/li>\n<li>&#8211; Contact data <\/li>\n<\/ul>\n<p> <\/p>\n<p><strong>WHAT IS THE LEGITIMACY OF PROCESSING THE USER&#8217;S DATA?<\/strong><\/p>\n<p>The processing of the user&#8217;s data by <strong>TECMA ALUMINIUM<\/strong> is based on the consent requested and which can be withdrawn at any time. However, if the user withdraws their consent, it will not affect the lawfulness of the processing carried out previously. <\/p>\n<p>The consents obtained for the mentioned purposes are independent, so the user may revoke only one of them without affecting the others.<\/p>\n<p> <\/p>\n<p><strong>TO WHOM WILL USER DATA BE DISCLOSED? <\/strong><\/p>\n<p>Data will not be disclosed to third parties except in cases where there is a legal obligation or if it is necessary to fulfill the purpose of the processing.<\/p>\n<p>User data may be disclosed to other affiliated companies and partners of <strong>TECMA ALUMINIUM<\/strong> that provide services in different business areas, with the purpose of processing it to send you commercial communications, including electronically, about products and services that may be of interest to you, if you authorize us by checking the box enabled for this purpose in the Website forms. <\/p>\n<p> <\/p>\n<p><strong>USER RESPONSIBILITY<\/strong><\/p>\n<p>The user:<\/p>\n<ul>\n<li>Guarantees that the data provided to <strong>TECMA ALUMINIUM<\/strong> is true, accurate, complete, and up-to-date. For this purpose, the User is responsible for the accuracy of all the data they communicate and will keep the provided information appropriately updated to reflect their real situation. <\/li>\n<li>The User will be liable for any false or inaccurate information provided through the Website and for any damages, direct or indirect, that this may cause to <strong>TECMA ALUMINIUM<\/strong> or to third parties.<\/li>\n<\/ul>\n<p> <\/p>\n<p><strong>COMMERCIAL AND PROMOTIONAL COMMUNICATIONS.<\/strong><\/p>\n<p>One of the purposes for which <strong>TECMA ALUMINIUM<\/strong> processes the personal data provided by Users when signing up for our Newsletter is to provide information related to products, services, news, events, or relevant updates for Users. Each time such a communication is made, it will be addressed solely and exclusively to those Users who have previously given their consent for receiving them.<\/p>\n<p>In the event that the User wishes to stop receiving commercial or promotional communications from TECMA ALUMINIUM, they may request to unsubscribe by sending an email to the following address: <u>domi@tecmaaluminium.com<\/u><\/p>\n<p> <\/p>\n<p><strong>SOCIAL NETWORKS<\/strong><\/p>\n<p>The social media profiles managed by <strong>TECMA ALUMINIUM<\/strong> will not involve data processing beyond what the respective social media platform allows for corporate profiles. <strong>TECMA ALUMINIUM <\/strong>may use these profiles to inform users subscribed to the company\u2019s profile about its activities, events, seminars, offers, promotions, or updates regarding its products or services, as well as to share relevant information on topics commonly associated with the company. <strong>TECMA ALUMINIUM<\/strong> will not extract any data directly from the social media platform.<\/p>\n<p> <\/p>\n<p><strong>EXERCISE OF RIGHTS.<\/strong><\/p>\n<p>The User may send a written request to <strong>TECMA ALUMINIUM<\/strong> with the reference \u201cData Protection\u201d to the email address <u>info@tecmaaluminium.com<\/u>, attaching a photocopy of their identity document, at any time and free of charge, to: <\/p>\n<ul>\n<li><strong>Revoke consents<\/strong><\/li>\n<li><strong>Access<\/strong>. You can request access to the personal information we hold about you. <\/li>\n<li><strong>Rectification. <\/strong>You can request that we correct, modify, or delete any incomplete, outdated, or inaccurate information.<\/li>\n<li><strong>Deletion. <\/strong>You may request the deletion of your personal information when, among other reasons, the data is no longer necessary for the purposes for which it was collected. <\/li>\n<li><strong>Objection.<\/strong> You may also object to the processing of your personal information based on legitimate interest.<\/li>\n<li><strong>Limitation of processing.<\/strong> Obtain from <strong>TECMA ALUMINIUM<\/strong> the limitation of the processing of your data when one of the conditions outlined in the data protection regulations is met.<\/li>\n<li><strong> Data portability.<\/strong> The right to have your data delivered to you so that it can be transferred to another data controller.<\/li>\n<li><strong>Complaint.<\/strong> You also have the right to file a complaint with the Spanish Data Protection Agency (http:\/\/www.agpd.es) if you believe that TECMA ALUMINIUM has violated your rights as recognized by the applicable data protection regulations. <\/li>\n<\/ul>\n<p> <\/p>\n<p><strong>SECURITY MEASURES.<\/strong><\/p>\n<p><strong>TECMA ALUMINIUM<\/strong> will treat the User\u2019s data at all times in an absolutely confidential manner, maintaining the necessary duty of secrecy in accordance with the applicable regulations. It will adopt the necessary technical and organizational measures to ensure the security of your data and to prevent its alteration, loss, unauthorized processing, or access, taking into account the state of technology, the nature of the stored data, and the risks to which they are exposed.<\/p>\n<\/div>\n\t\t\t\t\t\t\t\t<\/div>\n\t\t\t\t<\/div>\n\t\t\t\t<\/div>\n\t\t\t\t<\/div>\n\t\t","protected":false},"excerpt":{"rendered":"<p>LEGAL NOTICE AND PRIVACY POLICY LEGAL NOTICE In accordance with Law 34\/2002, on Information Society Services and Electronic Commerce, we inform you that this website is owned by: Corporate Name: TECMA ALUMINIUM, S.L.NIF: B-17877424Address: Pol. Ind. Pont Xetmar, C\/ P no. 1, 17844 Cornell\u00e0 del Terri \u2013 Girona (Spain)Telephone: +34 972 594 837Email: info@tecmaaluminium.com INTELLECTUAL [&hellip;]<\/p>\n","protected":false},"author":1,"featured_media":0,"parent":0,"menu_order":0,"comment_status":"closed","ping_status":"open","template":"","meta":{"footnotes":""},"class_list":["post-2640","page","type-page","status-publish","hentry"],"yoast_head":"<!-- This site is optimized with the Yoast SEO plugin v27.4 - https:\/\/yoast.com\/product\/yoast-seo-wordpress\/ -->\n<title>Privacy Policy - TECMA Aluminium<\/title>\n<meta name=\"robots\" content=\"index, follow, max-snippet:-1, max-image-preview:large, max-video-preview:-1\" \/>\n<link rel=\"canonical\" href=\"https:\/\/www.tecmaaluminium.com\/en\/politica-de-privacidad\/\" \/>\n<meta property=\"og:locale\" content=\"en_GB\" \/>\n<meta property=\"og:type\" content=\"article\" \/>\n<meta property=\"og:title\" content=\"Privacy Policy - TECMA Aluminium\" \/>\n<meta property=\"og:description\" content=\"LEGAL NOTICE AND PRIVACY POLICY LEGAL NOTICE In accordance with Law 34\/2002, on Information Society Services and Electronic Commerce, we inform you that this website is owned by: Corporate Name: TECMA ALUMINIUM, S.L.NIF: B-17877424Address: Pol. Ind. Pont Xetmar, C\/ P no. 1, 17844 Cornell\u00e0 del Terri \u2013 Girona (Spain)Telephone: +34 972 594 837Email: info@tecmaaluminium.com INTELLECTUAL [&hellip;]\" \/>\n<meta property=\"og:url\" content=\"https:\/\/www.tecmaaluminium.com\/en\/politica-de-privacidad\/\" \/>\n<meta property=\"og:site_name\" content=\"TECMA Aluminium\" \/>\n<meta property=\"article:modified_time\" content=\"2024-10-17T12:51:17+00:00\" \/>\n<meta name=\"twitter:card\" content=\"summary_large_image\" \/>\n<meta name=\"twitter:label1\" content=\"Estimated reading time\" \/>\n\t<meta name=\"twitter:data1\" content=\"6 minutes\" \/>\n<script type=\"application\/ld+json\" class=\"yoast-schema-graph\">{\"@context\":\"https:\\\/\\\/schema.org\",\"@graph\":[{\"@type\":\"WebPage\",\"@id\":\"https:\\\/\\\/www.tecmaaluminium.com\\\/en\\\/politica-de-privacidad\\\/\",\"url\":\"https:\\\/\\\/www.tecmaaluminium.com\\\/en\\\/politica-de-privacidad\\\/\",\"name\":\"Privacy Policy - TECMA Aluminium\",\"isPartOf\":{\"@id\":\"https:\\\/\\\/www.tecmaaluminium.com\\\/en\\\/#website\"},\"datePublished\":\"2023-08-07T14:35:16+00:00\",\"dateModified\":\"2024-10-17T12:51:17+00:00\",\"breadcrumb\":{\"@id\":\"https:\\\/\\\/www.tecmaaluminium.com\\\/en\\\/politica-de-privacidad\\\/#breadcrumb\"},\"inLanguage\":\"en-GB\",\"potentialAction\":[{\"@type\":\"ReadAction\",\"target\":[\"https:\\\/\\\/www.tecmaaluminium.com\\\/en\\\/politica-de-privacidad\\\/\"]}]},{\"@type\":\"BreadcrumbList\",\"@id\":\"https:\\\/\\\/www.tecmaaluminium.com\\\/en\\\/politica-de-privacidad\\\/#breadcrumb\",\"itemListElement\":[{\"@type\":\"ListItem\",\"position\":1,\"name\":\"Portada\",\"item\":\"https:\\\/\\\/www.tecmaaluminium.com\\\/en\\\/inicio\\\/\"},{\"@type\":\"ListItem\",\"position\":2,\"name\":\"Privacy Policy\"}]},{\"@type\":\"WebSite\",\"@id\":\"https:\\\/\\\/www.tecmaaluminium.com\\\/en\\\/#website\",\"url\":\"https:\\\/\\\/www.tecmaaluminium.com\\\/en\\\/\",\"name\":\"TECMA Aluminium\",\"description\":\"L\u00edderes nacionales en la mecanizaci\u00f3n y transformaci\u00f3n de piezas de aluminio\",\"publisher\":{\"@id\":\"https:\\\/\\\/www.tecmaaluminium.com\\\/en\\\/#organization\"},\"potentialAction\":[{\"@type\":\"SearchAction\",\"target\":{\"@type\":\"EntryPoint\",\"urlTemplate\":\"https:\\\/\\\/www.tecmaaluminium.com\\\/en\\\/?s={search_term_string}\"},\"query-input\":{\"@type\":\"PropertyValueSpecification\",\"valueRequired\":true,\"valueName\":\"search_term_string\"}}],\"inLanguage\":\"en-GB\"},{\"@type\":\"Organization\",\"@id\":\"https:\\\/\\\/www.tecmaaluminium.com\\\/en\\\/#organization\",\"name\":\"TECMA Aluminium\",\"url\":\"https:\\\/\\\/www.tecmaaluminium.com\\\/en\\\/\",\"logo\":{\"@type\":\"ImageObject\",\"inLanguage\":\"en-GB\",\"@id\":\"https:\\\/\\\/www.tecmaaluminium.com\\\/en\\\/#\\\/schema\\\/logo\\\/image\\\/\",\"url\":\"https:\\\/\\\/www.tecmaaluminium.com\\\/wp-content\\\/uploads\\\/2023\\\/08\\\/cropped-logo_TECMA.png\",\"contentUrl\":\"https:\\\/\\\/www.tecmaaluminium.com\\\/wp-content\\\/uploads\\\/2023\\\/08\\\/cropped-logo_TECMA.png\",\"width\":500,\"height\":129,\"caption\":\"TECMA Aluminium\"},\"image\":{\"@id\":\"https:\\\/\\\/www.tecmaaluminium.com\\\/en\\\/#\\\/schema\\\/logo\\\/image\\\/\"}}]}<\/script>\n<!-- \/ Yoast SEO plugin. -->","yoast_head_json":{"title":"Privacy Policy - TECMA Aluminium","robots":{"index":"index","follow":"follow","max-snippet":"max-snippet:-1","max-image-preview":"max-image-preview:large","max-video-preview":"max-video-preview:-1"},"canonical":"https:\/\/www.tecmaaluminium.com\/en\/politica-de-privacidad\/","og_locale":"en_GB","og_type":"article","og_title":"Privacy Policy - TECMA Aluminium","og_description":"LEGAL NOTICE AND PRIVACY POLICY LEGAL NOTICE In accordance with Law 34\/2002, on Information Society Services and Electronic Commerce, we inform you that this website is owned by: Corporate Name: TECMA ALUMINIUM, S.L.NIF: B-17877424Address: Pol. Ind. Pont Xetmar, C\/ P no. 1, 17844 Cornell\u00e0 del Terri \u2013 Girona (Spain)Telephone: +34 972 594 837Email: info@tecmaaluminium.com INTELLECTUAL [&hellip;]","og_url":"https:\/\/www.tecmaaluminium.com\/en\/politica-de-privacidad\/","og_site_name":"TECMA Aluminium","article_modified_time":"2024-10-17T12:51:17+00:00","twitter_card":"summary_large_image","twitter_misc":{"Estimated reading time":"6 minutes"},"schema":{"@context":"https:\/\/schema.org","@graph":[{"@type":"WebPage","@id":"https:\/\/www.tecmaaluminium.com\/en\/politica-de-privacidad\/","url":"https:\/\/www.tecmaaluminium.com\/en\/politica-de-privacidad\/","name":"Privacy Policy - TECMA Aluminium","isPartOf":{"@id":"https:\/\/www.tecmaaluminium.com\/en\/#website"},"datePublished":"2023-08-07T14:35:16+00:00","dateModified":"2024-10-17T12:51:17+00:00","breadcrumb":{"@id":"https:\/\/www.tecmaaluminium.com\/en\/politica-de-privacidad\/#breadcrumb"},"inLanguage":"en-GB","potentialAction":[{"@type":"ReadAction","target":["https:\/\/www.tecmaaluminium.com\/en\/politica-de-privacidad\/"]}]},{"@type":"BreadcrumbList","@id":"https:\/\/www.tecmaaluminium.com\/en\/politica-de-privacidad\/#breadcrumb","itemListElement":[{"@type":"ListItem","position":1,"name":"Portada","item":"https:\/\/www.tecmaaluminium.com\/en\/inicio\/"},{"@type":"ListItem","position":2,"name":"Privacy Policy"}]},{"@type":"WebSite","@id":"https:\/\/www.tecmaaluminium.com\/en\/#website","url":"https:\/\/www.tecmaaluminium.com\/en\/","name":"TECMA Aluminium","description":"L\u00edderes nacionales en la mecanizaci\u00f3n y transformaci\u00f3n de piezas de aluminio","publisher":{"@id":"https:\/\/www.tecmaaluminium.com\/en\/#organization"},"potentialAction":[{"@type":"SearchAction","target":{"@type":"EntryPoint","urlTemplate":"https:\/\/www.tecmaaluminium.com\/en\/?s={search_term_string}"},"query-input":{"@type":"PropertyValueSpecification","valueRequired":true,"valueName":"search_term_string"}}],"inLanguage":"en-GB"},{"@type":"Organization","@id":"https:\/\/www.tecmaaluminium.com\/en\/#organization","name":"TECMA Aluminium","url":"https:\/\/www.tecmaaluminium.com\/en\/","logo":{"@type":"ImageObject","inLanguage":"en-GB","@id":"https:\/\/www.tecmaaluminium.com\/en\/#\/schema\/logo\/image\/","url":"https:\/\/www.tecmaaluminium.com\/wp-content\/uploads\/2023\/08\/cropped-logo_TECMA.png","contentUrl":"https:\/\/www.tecmaaluminium.com\/wp-content\/uploads\/2023\/08\/cropped-logo_TECMA.png","width":500,"height":129,"caption":"TECMA Aluminium"},"image":{"@id":"https:\/\/www.tecmaaluminium.com\/en\/#\/schema\/logo\/image\/"}}]}},"_links":{"self":[{"href":"https:\/\/www.tecmaaluminium.com\/en\/wp-json\/wp\/v2\/pages\/2640","targetHints":{"allow":["GET"]}}],"collection":[{"href":"https:\/\/www.tecmaaluminium.com\/en\/wp-json\/wp\/v2\/pages"}],"about":[{"href":"https:\/\/www.tecmaaluminium.com\/en\/wp-json\/wp\/v2\/types\/page"}],"author":[{"embeddable":true,"href":"https:\/\/www.tecmaaluminium.com\/en\/wp-json\/wp\/v2\/users\/1"}],"replies":[{"embeddable":true,"href":"https:\/\/www.tecmaaluminium.com\/en\/wp-json\/wp\/v2\/comments?post=2640"}],"version-history":[{"count":3,"href":"https:\/\/www.tecmaaluminium.com\/en\/wp-json\/wp\/v2\/pages\/2640\/revisions"}],"predecessor-version":[{"id":3867,"href":"https:\/\/www.tecmaaluminium.com\/en\/wp-json\/wp\/v2\/pages\/2640\/revisions\/3867"}],"wp:attachment":[{"href":"https:\/\/www.tecmaaluminium.com\/en\/wp-json\/wp\/v2\/media?parent=2640"}],"curies":[{"name":"wp","href":"https:\/\/api.w.org\/{rel}","templated":true}]}}