{"id":3873,"date":"2024-06-25T13:44:38","date_gmt":"2024-06-25T11:44:38","guid":{"rendered":"https:\/\/www.tecmaaluminium.com\/quality-policy\/"},"modified":"2024-10-18T12:19:19","modified_gmt":"2024-10-18T10:19:19","slug":"quality-policy","status":"publish","type":"page","link":"https:\/\/www.tecmaaluminium.com\/en\/quality-policy\/","title":{"rendered":"Quality Policy"},"content":{"rendered":"\t\t<div data-elementor-type=\"wp-page\" data-elementor-id=\"3873\" class=\"elementor elementor-3873 elementor-3457\" data-elementor-post-type=\"page\">\n\t\t\t\t<div class=\"elementor-element elementor-element-387e6ef5 e-con-full e-flex e-con e-parent\" data-id=\"387e6ef5\" data-element_type=\"container\" data-e-type=\"container\">\n\t\t\t\t<div class=\"elementor-element elementor-element-6c832ded elementor-widget__width-initial elementor-widget elementor-widget-text-editor\" data-id=\"6c832ded\" data-element_type=\"widget\" data-e-type=\"widget\" data-widget_type=\"text-editor.default\">\n\t\t\t\t<div class=\"elementor-widget-container\">\n\t\t\t\t\t\t\t\t\t<div>\n<p><strong>QUALITY AND ENVIRONMENTAL POLICY<\/strong><\/p>\n<p><strong><br><\/strong><\/p>\n<p><strong><br><\/strong><\/p>\n<p><\/p>\n<p><b>TECMA ALUMINIUM, SL<\/b> main objective is to provide its clients with a comprehensive product that covers all stages of aluminum component production, tailored to each client\u2019s needs.<\/p>\n<p>Our comprehensive service ranges from the selection of raw materials, through technical advice, manufacturing, machining, finishing, and assembly, to customized packaging.<\/p>\n<p><br><\/p>\n<p><\/p>\n<p>The activity that <b>TECMA ALUMINIUM, SL<\/b> considers in compliance with the requirements of the ISO 9001:2015 and ISO 14001:2015 standards is as follows:<\/p>\n<p><\/p>\n<p><b>Transformations of aluminium parts and assemblies.<\/b><\/p>\n<p><b>&nbsp;<\/b><\/p>\n<p><span style=\"color: var( --e-global-color-d1dce8d ); letter-spacing: -0.4px;\">The Policy outlines the following key principles:<\/span><\/p>\n<p><span style=\"color: var( --e-global-color-d1dce8d ); letter-spacing: -0.4px;\">&nbsp;<\/span><\/p>\n<p>\u00b7 Commitment to &nbsp;<b>comply with applicable requirements, including legal obligations.<\/b><\/p>\n<p>\u00b7 Maintain close <b>collaboration with the client<\/b> to maximize the performance of each project and meet their needs in a personalized and efficient manner.<\/p>\n<p>\u00b7 Focus on&nbsp;<b>aluminium products<\/b> in the most industrial sectors and new technologies with&nbsp;<b>high added value.<\/b><\/p>\n<p>\u00b7 Manage processes to <b>reduce the environmental impact<\/b> of our activity and proactively assess the environmental impact of new activities or services.<\/p>\n<p>\u00b7 Promote the <b>rational use of natural resources<\/b> and a clear awareness of improving our environment, not only through our own efforts but also by involving all our suppliers and clients.<\/p>\n<p>\u00b7 Commitment to <b>environmental protection<\/b>, including pollution prevention and sustainable use of resources.<\/p>\n<p>\u00b7 Ensure <b>optimal working conditions<\/b> by assessing risks that may arise in processes, eliminating them when possible, and reducing assessed risks.<\/p>\n<p>\u00b7 Develop <b>continuous training programs<\/b> to achieve the best qualification for our workers, thus involving all personnel in achieving our objectives.<\/p>\n<p>\u00b7 Commitment to the <b>continuous improvement<\/b> of the management system implemented in the company.<\/p>\n<p>\u00b7 Foster and achieve a <b>motivating environment<\/b> for all company members.<\/p>\n<p><br><\/p>\n<p><\/p>\n<p>The Management makes this policy accessible and available to its customers, all employees, suppliers, and other interested parties.<\/p>\n<p><br><\/p>\n<p><\/p>\n<p>The Policy is kept up to date through periodic reviews, coinciding with system reviews by the Management, in order to consider changes in the environment and received information. In this regard, the Management provides and will continue to provide all necessary human, technical, and economic resources to achieve the objectives and goals set periodically. <\/p>\n<p><br><\/p>\n<p><br><\/p>\n<p><\/p>\n<p>Narc\u00eds Puigdemont<\/p>\n<p>06-03-2024<\/p>\n<p>Edition 4<\/p>\n<div>&nbsp;<\/div>\n<\/div>\t\t\t\t\t\t\t\t<\/div>\n\t\t\t\t<\/div>\n\t\t\t\t<\/div>\n\t\t\t\t<\/div>\n\t\t","protected":false},"excerpt":{"rendered":"<p>QUALITY AND ENVIRONMENTAL POLICY TECMA ALUMINIUM, SL main objective is to provide its clients with a comprehensive product that covers all stages of aluminum component production, tailored to each client\u2019s needs. Our comprehensive service ranges from the selection of raw materials, through technical advice, manufacturing, machining, finishing, and assembly, to customized packaging. The activity that [&hellip;]<\/p>\n","protected":false},"author":3,"featured_media":0,"parent":0,"menu_order":0,"comment_status":"closed","ping_status":"closed","template":"","meta":{"footnotes":""},"class_list":["post-3873","page","type-page","status-publish","hentry"],"yoast_head":"<!-- This site is optimized with the Yoast SEO plugin v27.3 - https:\/\/yoast.com\/product\/yoast-seo-wordpress\/ -->\n<title>Quality Policy - TECMA Aluminium<\/title>\n<meta name=\"robots\" content=\"index, follow, max-snippet:-1, max-image-preview:large, max-video-preview:-1\" \/>\n<link rel=\"canonical\" href=\"https:\/\/www.tecmaaluminium.com\/en\/quality-policy\/\" \/>\n<meta property=\"og:locale\" content=\"en_GB\" \/>\n<meta property=\"og:type\" content=\"article\" \/>\n<meta property=\"og:title\" content=\"Quality Policy - TECMA Aluminium\" \/>\n<meta property=\"og:description\" content=\"QUALITY AND ENVIRONMENTAL POLICY TECMA ALUMINIUM, SL main objective is to provide its clients with a comprehensive product that covers all stages of aluminum component production, tailored to each client\u2019s needs. Our comprehensive service ranges from the selection of raw materials, through technical advice, manufacturing, machining, finishing, and assembly, to customized packaging. The activity that [&hellip;]\" \/>\n<meta property=\"og:url\" content=\"https:\/\/www.tecmaaluminium.com\/en\/quality-policy\/\" \/>\n<meta property=\"og:site_name\" content=\"TECMA Aluminium\" \/>\n<meta property=\"article:modified_time\" content=\"2024-10-18T10:19:19+00:00\" \/>\n<meta name=\"twitter:card\" content=\"summary_large_image\" \/>\n<meta name=\"twitter:label1\" content=\"Estimated reading time\" \/>\n\t<meta name=\"twitter:data1\" content=\"2 minutes\" \/>\n<script type=\"application\/ld+json\" class=\"yoast-schema-graph\">{\"@context\":\"https:\\\/\\\/schema.org\",\"@graph\":[{\"@type\":\"WebPage\",\"@id\":\"https:\\\/\\\/www.tecmaaluminium.com\\\/en\\\/quality-policy\\\/\",\"url\":\"https:\\\/\\\/www.tecmaaluminium.com\\\/en\\\/quality-policy\\\/\",\"name\":\"Quality Policy - TECMA Aluminium\",\"isPartOf\":{\"@id\":\"https:\\\/\\\/www.tecmaaluminium.com\\\/en\\\/#website\"},\"datePublished\":\"2024-06-25T11:44:38+00:00\",\"dateModified\":\"2024-10-18T10:19:19+00:00\",\"breadcrumb\":{\"@id\":\"https:\\\/\\\/www.tecmaaluminium.com\\\/en\\\/quality-policy\\\/#breadcrumb\"},\"inLanguage\":\"en-GB\",\"potentialAction\":[{\"@type\":\"ReadAction\",\"target\":[\"https:\\\/\\\/www.tecmaaluminium.com\\\/en\\\/quality-policy\\\/\"]}]},{\"@type\":\"BreadcrumbList\",\"@id\":\"https:\\\/\\\/www.tecmaaluminium.com\\\/en\\\/quality-policy\\\/#breadcrumb\",\"itemListElement\":[{\"@type\":\"ListItem\",\"position\":1,\"name\":\"Portada\",\"item\":\"https:\\\/\\\/www.tecmaaluminium.com\\\/en\\\/inicio\\\/\"},{\"@type\":\"ListItem\",\"position\":2,\"name\":\"Quality Policy\"}]},{\"@type\":\"WebSite\",\"@id\":\"https:\\\/\\\/www.tecmaaluminium.com\\\/en\\\/#website\",\"url\":\"https:\\\/\\\/www.tecmaaluminium.com\\\/en\\\/\",\"name\":\"TECMA Aluminium\",\"description\":\"L\u00edderes nacionales en la mecanizaci\u00f3n y transformaci\u00f3n de piezas de aluminio\",\"publisher\":{\"@id\":\"https:\\\/\\\/www.tecmaaluminium.com\\\/en\\\/#organization\"},\"potentialAction\":[{\"@type\":\"SearchAction\",\"target\":{\"@type\":\"EntryPoint\",\"urlTemplate\":\"https:\\\/\\\/www.tecmaaluminium.com\\\/en\\\/?s={search_term_string}\"},\"query-input\":{\"@type\":\"PropertyValueSpecification\",\"valueRequired\":true,\"valueName\":\"search_term_string\"}}],\"inLanguage\":\"en-GB\"},{\"@type\":\"Organization\",\"@id\":\"https:\\\/\\\/www.tecmaaluminium.com\\\/en\\\/#organization\",\"name\":\"TECMA Aluminium\",\"url\":\"https:\\\/\\\/www.tecmaaluminium.com\\\/en\\\/\",\"logo\":{\"@type\":\"ImageObject\",\"inLanguage\":\"en-GB\",\"@id\":\"https:\\\/\\\/www.tecmaaluminium.com\\\/en\\\/#\\\/schema\\\/logo\\\/image\\\/\",\"url\":\"https:\\\/\\\/www.tecmaaluminium.com\\\/wp-content\\\/uploads\\\/2023\\\/08\\\/cropped-logo_TECMA.png\",\"contentUrl\":\"https:\\\/\\\/www.tecmaaluminium.com\\\/wp-content\\\/uploads\\\/2023\\\/08\\\/cropped-logo_TECMA.png\",\"width\":500,\"height\":129,\"caption\":\"TECMA Aluminium\"},\"image\":{\"@id\":\"https:\\\/\\\/www.tecmaaluminium.com\\\/en\\\/#\\\/schema\\\/logo\\\/image\\\/\"}}]}<\/script>\n<!-- \/ Yoast SEO plugin. -->","yoast_head_json":{"title":"Quality Policy - TECMA Aluminium","robots":{"index":"index","follow":"follow","max-snippet":"max-snippet:-1","max-image-preview":"max-image-preview:large","max-video-preview":"max-video-preview:-1"},"canonical":"https:\/\/www.tecmaaluminium.com\/en\/quality-policy\/","og_locale":"en_GB","og_type":"article","og_title":"Quality Policy - TECMA Aluminium","og_description":"QUALITY AND ENVIRONMENTAL POLICY TECMA ALUMINIUM, SL main objective is to provide its clients with a comprehensive product that covers all stages of aluminum component production, tailored to each client\u2019s needs. Our comprehensive service ranges from the selection of raw materials, through technical advice, manufacturing, machining, finishing, and assembly, to customized packaging. The activity that [&hellip;]","og_url":"https:\/\/www.tecmaaluminium.com\/en\/quality-policy\/","og_site_name":"TECMA Aluminium","article_modified_time":"2024-10-18T10:19:19+00:00","twitter_card":"summary_large_image","twitter_misc":{"Estimated reading time":"2 minutes"},"schema":{"@context":"https:\/\/schema.org","@graph":[{"@type":"WebPage","@id":"https:\/\/www.tecmaaluminium.com\/en\/quality-policy\/","url":"https:\/\/www.tecmaaluminium.com\/en\/quality-policy\/","name":"Quality Policy - TECMA Aluminium","isPartOf":{"@id":"https:\/\/www.tecmaaluminium.com\/en\/#website"},"datePublished":"2024-06-25T11:44:38+00:00","dateModified":"2024-10-18T10:19:19+00:00","breadcrumb":{"@id":"https:\/\/www.tecmaaluminium.com\/en\/quality-policy\/#breadcrumb"},"inLanguage":"en-GB","potentialAction":[{"@type":"ReadAction","target":["https:\/\/www.tecmaaluminium.com\/en\/quality-policy\/"]}]},{"@type":"BreadcrumbList","@id":"https:\/\/www.tecmaaluminium.com\/en\/quality-policy\/#breadcrumb","itemListElement":[{"@type":"ListItem","position":1,"name":"Portada","item":"https:\/\/www.tecmaaluminium.com\/en\/inicio\/"},{"@type":"ListItem","position":2,"name":"Quality Policy"}]},{"@type":"WebSite","@id":"https:\/\/www.tecmaaluminium.com\/en\/#website","url":"https:\/\/www.tecmaaluminium.com\/en\/","name":"TECMA Aluminium","description":"L\u00edderes nacionales en la mecanizaci\u00f3n y transformaci\u00f3n de piezas de aluminio","publisher":{"@id":"https:\/\/www.tecmaaluminium.com\/en\/#organization"},"potentialAction":[{"@type":"SearchAction","target":{"@type":"EntryPoint","urlTemplate":"https:\/\/www.tecmaaluminium.com\/en\/?s={search_term_string}"},"query-input":{"@type":"PropertyValueSpecification","valueRequired":true,"valueName":"search_term_string"}}],"inLanguage":"en-GB"},{"@type":"Organization","@id":"https:\/\/www.tecmaaluminium.com\/en\/#organization","name":"TECMA Aluminium","url":"https:\/\/www.tecmaaluminium.com\/en\/","logo":{"@type":"ImageObject","inLanguage":"en-GB","@id":"https:\/\/www.tecmaaluminium.com\/en\/#\/schema\/logo\/image\/","url":"https:\/\/www.tecmaaluminium.com\/wp-content\/uploads\/2023\/08\/cropped-logo_TECMA.png","contentUrl":"https:\/\/www.tecmaaluminium.com\/wp-content\/uploads\/2023\/08\/cropped-logo_TECMA.png","width":500,"height":129,"caption":"TECMA Aluminium"},"image":{"@id":"https:\/\/www.tecmaaluminium.com\/en\/#\/schema\/logo\/image\/"}}]}},"_links":{"self":[{"href":"https:\/\/www.tecmaaluminium.com\/en\/wp-json\/wp\/v2\/pages\/3873","targetHints":{"allow":["GET"]}}],"collection":[{"href":"https:\/\/www.tecmaaluminium.com\/en\/wp-json\/wp\/v2\/pages"}],"about":[{"href":"https:\/\/www.tecmaaluminium.com\/en\/wp-json\/wp\/v2\/types\/page"}],"author":[{"embeddable":true,"href":"https:\/\/www.tecmaaluminium.com\/en\/wp-json\/wp\/v2\/users\/3"}],"replies":[{"embeddable":true,"href":"https:\/\/www.tecmaaluminium.com\/en\/wp-json\/wp\/v2\/comments?post=3873"}],"version-history":[{"count":1,"href":"https:\/\/www.tecmaaluminium.com\/en\/wp-json\/wp\/v2\/pages\/3873\/revisions"}],"predecessor-version":[{"id":3874,"href":"https:\/\/www.tecmaaluminium.com\/en\/wp-json\/wp\/v2\/pages\/3873\/revisions\/3874"}],"wp:attachment":[{"href":"https:\/\/www.tecmaaluminium.com\/en\/wp-json\/wp\/v2\/media?parent=3873"}],"curies":[{"name":"wp","href":"https:\/\/api.w.org\/{rel}","templated":true}]}}