{"id":3840,"date":"2023-09-13T14:37:29","date_gmt":"2023-09-13T12:37:29","guid":{"rendered":"https:\/\/www.tecmaaluminium.com\/contact\/"},"modified":"2024-10-17T13:33:59","modified_gmt":"2024-10-17T11:33:59","slug":"contact","status":"publish","type":"page","link":"https:\/\/www.tecmaaluminium.com\/fr\/contact\/","title":{"rendered":"Contact"},"content":{"rendered":"\t\t<div data-elementor-type=\"wp-page\" data-elementor-id=\"3840\" class=\"elementor elementor-3840 elementor-896\" data-elementor-post-type=\"page\">\n\t\t\t\t<div class=\"elementor-element elementor-element-69d45c7 e-con-full e-flex e-con e-parent\" data-id=\"69d45c7\" data-element_type=\"container\" data-e-type=\"container\">\n\t\t<div class=\"elementor-element elementor-element-fc32cdc e-con-full e-flex e-con e-child\" data-id=\"fc32cdc\" data-element_type=\"container\" data-e-type=\"container\">\n\t\t\t\t<div class=\"elementor-element elementor-element-d182248 elementor-widget elementor-widget-heading\" data-id=\"d182248\" data-element_type=\"widget\" data-e-type=\"widget\" data-widget_type=\"heading.default\">\n\t\t\t\t<div class=\"elementor-widget-container\">\n\t\t\t\t\t<h2 class=\"elementor-heading-title elementor-size-default\">Contact<\/h2>\t\t\t\t<\/div>\n\t\t\t\t<\/div>\n\t\t\t\t<div class=\"elementor-element elementor-element-eca1098 elementor-widget elementor-widget-heading\" data-id=\"eca1098\" data-element_type=\"widget\" data-e-type=\"widget\" data-widget_type=\"heading.default\">\n\t\t\t\t<div class=\"elementor-widget-container\">\n\t\t\t\t\t<h2 class=\"elementor-heading-title elementor-size-default\">Pouvons-nous vous aider?<br> Entrez en contact!<\/h2>\t\t\t\t<\/div>\n\t\t\t\t<\/div>\n\t\t\t\t<div class=\"elementor-element elementor-element-96a9335 elementor-widget elementor-widget-image\" data-id=\"96a9335\" data-element_type=\"widget\" data-e-type=\"widget\" data-widget_type=\"image.default\">\n\t\t\t\t<div class=\"elementor-widget-container\">\n\t\t\t\t\t\t\t\t\t\t\t\t\t\t\t<img decoding=\"async\" width=\"124\" height=\"3\" src=\"https:\/\/www.tecmaaluminium.com\/wp-content\/uploads\/2023\/09\/separador_petit.svg\" class=\"attachment-full size-full wp-image-191\" alt=\"\" \/>\t\t\t\t\t\t\t\t\t\t\t\t\t\t\t<\/div>\n\t\t\t\t<\/div>\n\t\t\t\t<\/div>\n\t\t\t\t<\/div>\n\t\t<div class=\"elementor-element elementor-element-f841696 e-con-full e-flex e-con e-parent\" data-id=\"f841696\" data-element_type=\"container\" data-e-type=\"container\" data-settings=\"{&quot;background_background&quot;:&quot;classic&quot;}\">\n\t\t<div class=\"elementor-element elementor-element-9c51796 e-grid e-con-full e-con e-child\" data-id=\"9c51796\" data-element_type=\"container\" data-e-type=\"container\">\n\t\t<div class=\"elementor-element elementor-element-134507c e-flex e-con-boxed e-con e-child\" data-id=\"134507c\" data-element_type=\"container\" data-e-type=\"container\">\n\t\t\t\t\t<div class=\"e-con-inner\">\n\t\t\t\t<div class=\"elementor-element elementor-element-09e1ae1 elementor-button-align-start elementor-widget__width-initial elementor-widget elementor-widget-form\" data-id=\"09e1ae1\" data-element_type=\"widget\" data-e-type=\"widget\" data-settings=\"{&quot;step_next_label&quot;:&quot;Suivant&quot;,&quot;step_previous_label&quot;:&quot;Pr\\u00e9c\\u00e9dent&quot;,&quot;step_type&quot;:&quot;text&quot;,&quot;button_width&quot;:&quot;100&quot;}\" data-widget_type=\"form.default\">\n\t\t\t\t<div class=\"elementor-widget-container\">\n\t\t\t\t\t\t\t<form class=\"elementor-form\" method=\"post\" id=\"contact_1\" name=\"Contact\" aria-label=\"Contact\">\n\t\t\t<input type=\"hidden\" name=\"post_id\" value=\"3840\"\/>\n\t\t\t<input type=\"hidden\" name=\"form_id\" value=\"09e1ae1\"\/>\n\t\t\t<input type=\"hidden\" name=\"referer_title\" value=\"TECMA Aluminium\" \/>\n\n\t\t\t\n\t\t\t<div class=\"elementor-form-fields-wrapper elementor-labels-above\">\n\t\t\t\t\t\t\t\t<div class=\"elementor-field-type-text elementor-field-group elementor-column elementor-field-group-company elementor-col-100 elementor-field-required\">\n\t\t\t\t\t\t\t\t\t\t\t\t\t<input size=\"1\" type=\"text\" name=\"form_fields[company]\" id=\"form-field-company\" class=\"elementor-field elementor-size-sm  elementor-field-textual\" placeholder=\"Enterprise*\" required=\"required\">\n\t\t\t\t\t\t\t\t\t\t\t<\/div>\n\t\t\t\t\t\t\t\t<div class=\"elementor-field-type-text elementor-field-group elementor-column elementor-field-group-contact_person elementor-col-100 elementor-field-required\">\n\t\t\t\t\t\t\t\t\t\t\t\t\t<input size=\"1\" type=\"text\" name=\"form_fields[contact_person]\" id=\"form-field-contact_person\" class=\"elementor-field elementor-size-sm  elementor-field-textual\" placeholder=\"Personne-contact*\" required=\"required\">\n\t\t\t\t\t\t\t\t\t\t\t<\/div>\n\t\t\t\t\t\t\t\t<div class=\"elementor-field-type-email elementor-field-group elementor-column elementor-field-group-email elementor-col-100 elementor-field-required\">\n\t\t\t\t\t\t\t\t\t\t\t\t\t<input size=\"1\" type=\"email\" name=\"form_fields[email]\" id=\"form-field-email\" class=\"elementor-field elementor-size-sm  elementor-field-textual\" placeholder=\"E-mail*\" required=\"required\">\n\t\t\t\t\t\t\t\t\t\t\t<\/div>\n\t\t\t\t\t\t\t\t<div class=\"elementor-field-type-tel elementor-field-group elementor-column elementor-field-group-phone elementor-col-100 elementor-field-required\">\n\t\t\t\t\t\t\t<input size=\"1\" type=\"tel\" name=\"form_fields[phone]\" id=\"form-field-phone\" class=\"elementor-field elementor-size-sm  elementor-field-textual\" placeholder=\"T\u00e9l\u00e9phone\" required=\"required\" pattern=\"[0-9()#&amp;+*-=.]+\" title=\"Seuls les caract\u00e8res de num\u00e9ros de t\u00e9l\u00e9phone (#, -, *, etc.) sont accept\u00e9s.\">\n\n\t\t\t\t\t\t<\/div>\n\t\t\t\t\t\t\t\t<div class=\"elementor-field-type-textarea elementor-field-group elementor-column elementor-field-group-message elementor-col-100 elementor-field-required\">\n\t\t\t\t\t\t\t\t\t\t\t\t<label for=\"form-field-message\" class=\"elementor-field-label\">\n\t\t\t\t\t\t\t\tDites-nous ce dont vous avez besoin.*\t\t\t\t\t\t\t<\/label>\n\t\t\t\t\t\t<textarea class=\"elementor-field-textual elementor-field  elementor-size-sm\" name=\"form_fields[message]\" id=\"form-field-message\" rows=\"8\" required=\"required\"><\/textarea>\t\t\t\t<\/div>\n\t\t\t\t\t\t\t\t<div class=\"elementor-field-type-text\">\n\t\t\t\t\t<input size=\"1\" type=\"text\" name=\"form_fields[field_a8b7fd8]\" id=\"form-field-field_a8b7fd8\" class=\"elementor-field elementor-size-sm \" style=\"display:none !important;\">\t\t\t\t<\/div>\n\t\t\t\t\t\t\t\t<div class=\"elementor-field-type-acceptance elementor-field-group elementor-column elementor-field-group-field_e46f925 elementor-col-100 elementor-field-required\">\n\t\t\t\t\t\t\t<div class=\"elementor-field-subgroup\">\n\t\t\t<span class=\"elementor-field-option\">\n\t\t\t\t<input type=\"checkbox\" name=\"form_fields[field_e46f925]\" id=\"form-field-field_e46f925\" class=\"elementor-field elementor-size-sm  elementor-acceptance-field\" required=\"required\">\n\t\t\t\t<label for=\"form-field-field_e46f925\"><a href=\"https:\/\/www.tecmaaluminium.com\/politica-privacidad\/\" style=\"color:#2A5670;\" target=\"_blank\"> <a href=\"https:\/\/www.tecmaaluminium.com\/politica-privacidad\/\"> Accepter la politique de confidentialit\u00e9<\/a> <\/a><\/label>\t\t\t<\/span>\n\t\t<\/div>\n\t\t\t\t\t\t<\/div>\n\t\t\t\t\t\t\t\t<div class=\"elementor-field-group elementor-column elementor-field-type-submit elementor-col-100 e-form__buttons\">\n\t\t\t\t\t<button class=\"elementor-button elementor-size-sm\" type=\"submit\">\n\t\t\t\t\t\t<span class=\"elementor-button-content-wrapper\">\n\t\t\t\t\t\t\t\t\t\t\t\t\t\t\t\t\t\t\t\t\t\t<span class=\"elementor-button-text\">ENVOYER<\/span>\n\t\t\t\t\t\t\t\t\t\t\t\t\t<\/span>\n\t\t\t\t\t<\/button>\n\t\t\t\t<\/div>\n\t\t\t<\/div>\n\t\t<\/form>\n\t\t\t\t\t\t<\/div>\n\t\t\t\t<\/div>\n\t\t\t\t\t<\/div>\n\t\t\t\t<\/div>\n\t\t<div class=\"elementor-element elementor-element-75f8690 e-flex e-con-boxed e-con e-child\" data-id=\"75f8690\" data-element_type=\"container\" data-e-type=\"container\">\n\t\t\t\t\t<div class=\"e-con-inner\">\n\t\t\t\t<div class=\"elementor-element elementor-element-cc2b7b7 elementor-widget elementor-widget-heading\" data-id=\"cc2b7b7\" data-element_type=\"widget\" data-e-type=\"widget\" data-widget_type=\"heading.default\">\n\t\t\t\t<div class=\"elementor-widget-container\">\n\t\t\t\t\t<h2 class=\"elementor-heading-title elementor-size-default\">Coordonn\u00e9es<\/h2>\t\t\t\t<\/div>\n\t\t\t\t<\/div>\n\t\t\t\t<div class=\"elementor-element elementor-element-5edaa5b elementor-widget elementor-widget-text-editor\" data-id=\"5edaa5b\" data-element_type=\"widget\" data-e-type=\"widget\" data-widget_type=\"text-editor.default\">\n\t\t\t\t<div class=\"elementor-widget-container\">\n\t\t\t\t\t\t\t\t\t<strong>TECMA ALUMINIUM<\/strong><br>si\u00e8ge social<br><br>T. +34 972 59 48 37<br><a href=\"mailto:info@tecmaaluminium.com\" style=\"color:#1ea8e8;\">info@tecmaaluminium.com<\/a>\t\t\t\t\t\t\t\t<\/div>\n\t\t\t\t<\/div>\n\t\t\t\t<div class=\"elementor-element elementor-element-3789057 elementor-widget__width-initial elementor-widget elementor-widget-text-editor\" data-id=\"3789057\" data-element_type=\"widget\" data-e-type=\"widget\" data-widget_type=\"text-editor.default\">\n\t\t\t\t<div class=\"elementor-widget-container\">\n\t\t\t\t\t\t\t\t\t<strong>Vos produits et services peuvent-ils aider Tecma?<\/strong> Chez Tecma, nous sommes ouverts \u00e0 travailler avec de nouveaux fournisseurs qui peuvent nous aider \u00e0 offrir encore plus de valeur ajout\u00e9e \u00e0 nos clients. Pensez-vous pourvoir nous aider? Contactez-nous: <a style=\"color: #1ea8e8;\" href=\"mailto:supplier@tecmaaluminium.com\">supplier@tecmaaluminium.com<\/a>  \t\t\t\t\t\t\t\t<\/div>\n\t\t\t\t<\/div>\n\t\t\t\t\t<\/div>\n\t\t\t\t<\/div>\n\t\t\t\t<\/div>\n\t\t\t\t<\/div>\n\t\t<div class=\"elementor-element elementor-element-f91a7cd e-con-full e-flex e-con e-parent\" data-id=\"f91a7cd\" data-element_type=\"container\" data-e-type=\"container\">\n\t\t\t\t<div class=\"elementor-element elementor-element-f63f636 elementor-widget__width-inherit elementor-widget elementor-widget-google_maps\" data-id=\"f63f636\" data-element_type=\"widget\" data-e-type=\"widget\" data-widget_type=\"google_maps.default\">\n\t\t\t\t<div class=\"elementor-widget-container\">\n\t\t\t\t\t\t\t<div class=\"elementor-custom-embed\">\n\t\t\t<iframe loading=\"lazy\"\n\t\t\t\t\tsrc=\"https:\/\/maps.google.com\/maps?q=TECMA%20ALUMINIUM%2C%20Pol%C3%ADgon%20Industrial%20de%20Pont-Xetmar%2C%20Carrer%20P%2C%20Cornell%C3%A0%20del%20Terri&#038;t=m&#038;z=3&#038;output=embed&#038;iwloc=near\"\n\t\t\t\t\ttitle=\"TECMA ALUMINIUM, Pol\u00edgon Industrial de Pont-Xetmar, Carrer P, Cornell\u00e0 del Terri\"\n\t\t\t\t\taria-label=\"TECMA ALUMINIUM, Pol\u00edgon Industrial de Pont-Xetmar, Carrer P, Cornell\u00e0 del Terri\"\n\t\t\t><\/iframe>\n\t\t<\/div>\n\t\t\t\t\t\t<\/div>\n\t\t\t\t<\/div>\n\t\t\t\t<\/div>\n\t\t\t\t<\/div>\n\t\t","protected":false},"excerpt":{"rendered":"<p>Contact Pouvons-nous vous aider? Entrez en contact! Coordonn\u00e9es TECMA ALUMINIUMsi\u00e8ge social T. +34 972 59 48 37info@tecmaaluminium.comVos produits et services peuvent-ils aider Tecma? Chez Tecma, nous sommes ouverts \u00e0 travailler avec de nouveaux fournisseurs qui peuvent nous aider \u00e0 offrir encore plus de valeur ajout\u00e9e \u00e0 nos clients. Pensez-vous pourvoir nous aider? Contactez-nous: supplier@tecmaaluminium.com<\/p>\n","protected":false},"author":2,"featured_media":0,"parent":0,"menu_order":0,"comment_status":"closed","ping_status":"closed","template":"","meta":{"footnotes":""},"class_list":["post-3840","page","type-page","status-publish","hentry"],"yoast_head":"<!-- This site is optimized with the Yoast SEO plugin v27.4 - https:\/\/yoast.com\/product\/yoast-seo-wordpress\/ -->\n<title>Contact - TECMA Aluminium<\/title>\n<meta name=\"robots\" content=\"index, follow, max-snippet:-1, max-image-preview:large, max-video-preview:-1\" \/>\n<link rel=\"canonical\" href=\"https:\/\/www.tecmaaluminium.com\/fr\/contact\/\" \/>\n<meta property=\"og:locale\" content=\"fr_FR\" \/>\n<meta property=\"og:type\" content=\"article\" \/>\n<meta property=\"og:title\" content=\"Contact - TECMA Aluminium\" \/>\n<meta property=\"og:description\" content=\"Contact Pouvons-nous vous aider? Entrez en contact! Coordonn\u00e9es TECMA ALUMINIUMsi\u00e8ge social T. +34 972 59 48 37info@tecmaaluminium.comVos produits et services peuvent-ils aider Tecma? Chez Tecma, nous sommes ouverts \u00e0 travailler avec de nouveaux fournisseurs qui peuvent nous aider \u00e0 offrir encore plus de valeur ajout\u00e9e \u00e0 nos clients. Pensez-vous pourvoir nous aider? Contactez-nous: supplier@tecmaaluminium.com\" \/>\n<meta property=\"og:url\" content=\"https:\/\/www.tecmaaluminium.com\/fr\/contact\/\" \/>\n<meta property=\"og:site_name\" content=\"TECMA Aluminium\" \/>\n<meta property=\"article:modified_time\" content=\"2024-10-17T11:33:59+00:00\" \/>\n<meta property=\"og:image\" content=\"https:\/\/www.tecmaaluminium.com\/wp-content\/uploads\/2023\/09\/separador_petit.svg\" \/>\n<meta name=\"twitter:card\" content=\"summary_large_image\" \/>\n<script type=\"application\/ld+json\" class=\"yoast-schema-graph\">{\"@context\":\"https:\\\/\\\/schema.org\",\"@graph\":[{\"@type\":\"WebPage\",\"@id\":\"https:\\\/\\\/www.tecmaaluminium.com\\\/fr\\\/contact\\\/\",\"url\":\"https:\\\/\\\/www.tecmaaluminium.com\\\/fr\\\/contact\\\/\",\"name\":\"Contact - TECMA Aluminium\",\"isPartOf\":{\"@id\":\"https:\\\/\\\/www.tecmaaluminium.com\\\/fr\\\/#website\"},\"primaryImageOfPage\":{\"@id\":\"https:\\\/\\\/www.tecmaaluminium.com\\\/fr\\\/contact\\\/#primaryimage\"},\"image\":{\"@id\":\"https:\\\/\\\/www.tecmaaluminium.com\\\/fr\\\/contact\\\/#primaryimage\"},\"thumbnailUrl\":\"https:\\\/\\\/www.tecmaaluminium.com\\\/wp-content\\\/uploads\\\/2023\\\/09\\\/separador_petit.svg\",\"datePublished\":\"2023-09-13T12:37:29+00:00\",\"dateModified\":\"2024-10-17T11:33:59+00:00\",\"breadcrumb\":{\"@id\":\"https:\\\/\\\/www.tecmaaluminium.com\\\/fr\\\/contact\\\/#breadcrumb\"},\"inLanguage\":\"fr-FR\",\"potentialAction\":[{\"@type\":\"ReadAction\",\"target\":[\"https:\\\/\\\/www.tecmaaluminium.com\\\/fr\\\/contact\\\/\"]}]},{\"@type\":\"ImageObject\",\"inLanguage\":\"fr-FR\",\"@id\":\"https:\\\/\\\/www.tecmaaluminium.com\\\/fr\\\/contact\\\/#primaryimage\",\"url\":\"https:\\\/\\\/www.tecmaaluminium.com\\\/wp-content\\\/uploads\\\/2023\\\/09\\\/separador_petit.svg\",\"contentUrl\":\"https:\\\/\\\/www.tecmaaluminium.com\\\/wp-content\\\/uploads\\\/2023\\\/09\\\/separador_petit.svg\"},{\"@type\":\"BreadcrumbList\",\"@id\":\"https:\\\/\\\/www.tecmaaluminium.com\\\/fr\\\/contact\\\/#breadcrumb\",\"itemListElement\":[{\"@type\":\"ListItem\",\"position\":1,\"name\":\"Portada\",\"item\":\"https:\\\/\\\/www.tecmaaluminium.com\\\/fr\\\/acccueil\\\/\"},{\"@type\":\"ListItem\",\"position\":2,\"name\":\"Contact\"}]},{\"@type\":\"WebSite\",\"@id\":\"https:\\\/\\\/www.tecmaaluminium.com\\\/fr\\\/#website\",\"url\":\"https:\\\/\\\/www.tecmaaluminium.com\\\/fr\\\/\",\"name\":\"TECMA Aluminium\",\"description\":\"L\u00edderes nacionales en la mecanizaci\u00f3n y transformaci\u00f3n de piezas de aluminio\",\"publisher\":{\"@id\":\"https:\\\/\\\/www.tecmaaluminium.com\\\/fr\\\/#organization\"},\"potentialAction\":[{\"@type\":\"SearchAction\",\"target\":{\"@type\":\"EntryPoint\",\"urlTemplate\":\"https:\\\/\\\/www.tecmaaluminium.com\\\/fr\\\/?s={search_term_string}\"},\"query-input\":{\"@type\":\"PropertyValueSpecification\",\"valueRequired\":true,\"valueName\":\"search_term_string\"}}],\"inLanguage\":\"fr-FR\"},{\"@type\":\"Organization\",\"@id\":\"https:\\\/\\\/www.tecmaaluminium.com\\\/fr\\\/#organization\",\"name\":\"TECMA Aluminium\",\"url\":\"https:\\\/\\\/www.tecmaaluminium.com\\\/fr\\\/\",\"logo\":{\"@type\":\"ImageObject\",\"inLanguage\":\"fr-FR\",\"@id\":\"https:\\\/\\\/www.tecmaaluminium.com\\\/fr\\\/#\\\/schema\\\/logo\\\/image\\\/\",\"url\":\"https:\\\/\\\/www.tecmaaluminium.com\\\/wp-content\\\/uploads\\\/2023\\\/08\\\/cropped-logo_TECMA.png\",\"contentUrl\":\"https:\\\/\\\/www.tecmaaluminium.com\\\/wp-content\\\/uploads\\\/2023\\\/08\\\/cropped-logo_TECMA.png\",\"width\":500,\"height\":129,\"caption\":\"TECMA Aluminium\"},\"image\":{\"@id\":\"https:\\\/\\\/www.tecmaaluminium.com\\\/fr\\\/#\\\/schema\\\/logo\\\/image\\\/\"}}]}<\/script>\n<!-- \/ Yoast SEO plugin. -->","yoast_head_json":{"title":"Contact - TECMA Aluminium","robots":{"index":"index","follow":"follow","max-snippet":"max-snippet:-1","max-image-preview":"max-image-preview:large","max-video-preview":"max-video-preview:-1"},"canonical":"https:\/\/www.tecmaaluminium.com\/fr\/contact\/","og_locale":"fr_FR","og_type":"article","og_title":"Contact - TECMA Aluminium","og_description":"Contact Pouvons-nous vous aider? Entrez en contact! Coordonn\u00e9es TECMA ALUMINIUMsi\u00e8ge social T. +34 972 59 48 37info@tecmaaluminium.comVos produits et services peuvent-ils aider Tecma? Chez Tecma, nous sommes ouverts \u00e0 travailler avec de nouveaux fournisseurs qui peuvent nous aider \u00e0 offrir encore plus de valeur ajout\u00e9e \u00e0 nos clients. Pensez-vous pourvoir nous aider? Contactez-nous: supplier@tecmaaluminium.com","og_url":"https:\/\/www.tecmaaluminium.com\/fr\/contact\/","og_site_name":"TECMA Aluminium","article_modified_time":"2024-10-17T11:33:59+00:00","og_image":[{"url":"https:\/\/www.tecmaaluminium.com\/wp-content\/uploads\/2023\/09\/separador_petit.svg","type":"","width":"","height":""}],"twitter_card":"summary_large_image","schema":{"@context":"https:\/\/schema.org","@graph":[{"@type":"WebPage","@id":"https:\/\/www.tecmaaluminium.com\/fr\/contact\/","url":"https:\/\/www.tecmaaluminium.com\/fr\/contact\/","name":"Contact - TECMA Aluminium","isPartOf":{"@id":"https:\/\/www.tecmaaluminium.com\/fr\/#website"},"primaryImageOfPage":{"@id":"https:\/\/www.tecmaaluminium.com\/fr\/contact\/#primaryimage"},"image":{"@id":"https:\/\/www.tecmaaluminium.com\/fr\/contact\/#primaryimage"},"thumbnailUrl":"https:\/\/www.tecmaaluminium.com\/wp-content\/uploads\/2023\/09\/separador_petit.svg","datePublished":"2023-09-13T12:37:29+00:00","dateModified":"2024-10-17T11:33:59+00:00","breadcrumb":{"@id":"https:\/\/www.tecmaaluminium.com\/fr\/contact\/#breadcrumb"},"inLanguage":"fr-FR","potentialAction":[{"@type":"ReadAction","target":["https:\/\/www.tecmaaluminium.com\/fr\/contact\/"]}]},{"@type":"ImageObject","inLanguage":"fr-FR","@id":"https:\/\/www.tecmaaluminium.com\/fr\/contact\/#primaryimage","url":"https:\/\/www.tecmaaluminium.com\/wp-content\/uploads\/2023\/09\/separador_petit.svg","contentUrl":"https:\/\/www.tecmaaluminium.com\/wp-content\/uploads\/2023\/09\/separador_petit.svg"},{"@type":"BreadcrumbList","@id":"https:\/\/www.tecmaaluminium.com\/fr\/contact\/#breadcrumb","itemListElement":[{"@type":"ListItem","position":1,"name":"Portada","item":"https:\/\/www.tecmaaluminium.com\/fr\/acccueil\/"},{"@type":"ListItem","position":2,"name":"Contact"}]},{"@type":"WebSite","@id":"https:\/\/www.tecmaaluminium.com\/fr\/#website","url":"https:\/\/www.tecmaaluminium.com\/fr\/","name":"TECMA Aluminium","description":"L\u00edderes nacionales en la mecanizaci\u00f3n y transformaci\u00f3n de piezas de aluminio","publisher":{"@id":"https:\/\/www.tecmaaluminium.com\/fr\/#organization"},"potentialAction":[{"@type":"SearchAction","target":{"@type":"EntryPoint","urlTemplate":"https:\/\/www.tecmaaluminium.com\/fr\/?s={search_term_string}"},"query-input":{"@type":"PropertyValueSpecification","valueRequired":true,"valueName":"search_term_string"}}],"inLanguage":"fr-FR"},{"@type":"Organization","@id":"https:\/\/www.tecmaaluminium.com\/fr\/#organization","name":"TECMA Aluminium","url":"https:\/\/www.tecmaaluminium.com\/fr\/","logo":{"@type":"ImageObject","inLanguage":"fr-FR","@id":"https:\/\/www.tecmaaluminium.com\/fr\/#\/schema\/logo\/image\/","url":"https:\/\/www.tecmaaluminium.com\/wp-content\/uploads\/2023\/08\/cropped-logo_TECMA.png","contentUrl":"https:\/\/www.tecmaaluminium.com\/wp-content\/uploads\/2023\/08\/cropped-logo_TECMA.png","width":500,"height":129,"caption":"TECMA Aluminium"},"image":{"@id":"https:\/\/www.tecmaaluminium.com\/fr\/#\/schema\/logo\/image\/"}}]}},"_links":{"self":[{"href":"https:\/\/www.tecmaaluminium.com\/fr\/wp-json\/wp\/v2\/pages\/3840","targetHints":{"allow":["GET"]}}],"collection":[{"href":"https:\/\/www.tecmaaluminium.com\/fr\/wp-json\/wp\/v2\/pages"}],"about":[{"href":"https:\/\/www.tecmaaluminium.com\/fr\/wp-json\/wp\/v2\/types\/page"}],"author":[{"embeddable":true,"href":"https:\/\/www.tecmaaluminium.com\/fr\/wp-json\/wp\/v2\/users\/2"}],"replies":[{"embeddable":true,"href":"https:\/\/www.tecmaaluminium.com\/fr\/wp-json\/wp\/v2\/comments?post=3840"}],"version-history":[{"count":1,"href":"https:\/\/www.tecmaaluminium.com\/fr\/wp-json\/wp\/v2\/pages\/3840\/revisions"}],"predecessor-version":[{"id":3841,"href":"https:\/\/www.tecmaaluminium.com\/fr\/wp-json\/wp\/v2\/pages\/3840\/revisions\/3841"}],"wp:attachment":[{"href":"https:\/\/www.tecmaaluminium.com\/fr\/wp-json\/wp\/v2\/media?parent=3840"}],"curies":[{"name":"wp","href":"https:\/\/api.w.org\/{rel}","templated":true}]}}