{"id":3848,"date":"2023-11-09T15:18:57","date_gmt":"2023-11-09T14:18:57","guid":{"rendered":"https:\/\/www.tecmaaluminium.com\/handguard\/"},"modified":"2024-10-17T13:38:13","modified_gmt":"2024-10-17T11:38:13","slug":"handguard","status":"publish","type":"page","link":"https:\/\/www.tecmaaluminium.com\/fr\/handguard\/","title":{"rendered":"HANDGUARD"},"content":{"rendered":"\t\t<div data-elementor-type=\"wp-page\" data-elementor-id=\"3848\" class=\"elementor elementor-3848 elementor-2492\" data-elementor-post-type=\"page\">\n\t\t\t\t<div class=\"elementor-element elementor-element-12bf315 e-con-full e-flex e-con e-parent\" data-id=\"12bf315\" data-element_type=\"container\" data-e-type=\"container\">\n\t\t<div class=\"elementor-element elementor-element-38a8ab7 e-con-full e-flex e-con e-child\" data-id=\"38a8ab7\" data-element_type=\"container\" data-e-type=\"container\">\n\t\t\t\t<div class=\"elementor-element elementor-element-7a7726a elementor-widget elementor-widget-heading\" data-id=\"7a7726a\" data-element_type=\"widget\" data-e-type=\"widget\" data-widget_type=\"heading.default\">\n\t\t\t\t<div class=\"elementor-widget-container\">\n\t\t\t\t\t<h2 class=\"elementor-heading-title elementor-size-default\"><a href=\"https:\/\/www.tecmaaluminium.com\/case-studies\/\">\u00c9tudes de cas<\/a><\/h2>\t\t\t\t<\/div>\n\t\t\t\t<\/div>\n\t\t\t\t<\/div>\n\t\t\t\t<\/div>\n\t\t<div class=\"elementor-element elementor-element-fb5ef97 e-con-full e-flex e-con e-parent\" data-id=\"fb5ef97\" data-element_type=\"container\" data-e-type=\"container\">\n\t\t<div class=\"elementor-element elementor-element-24da532 e-grid e-con-full e-con e-child\" data-id=\"24da532\" data-element_type=\"container\" data-e-type=\"container\">\n\t\t\t\t<div class=\"elementor-element elementor-element-a642151 elementor-widget__width-inherit elementor-pagination-position-outside elementor-widget elementor-widget-image-carousel\" data-id=\"a642151\" data-element_type=\"widget\" data-e-type=\"widget\" data-settings=\"{&quot;slides_to_show&quot;:&quot;1&quot;,&quot;navigation&quot;:&quot;dots&quot;,&quot;lazyload&quot;:&quot;yes&quot;,&quot;autoplay&quot;:&quot;no&quot;,&quot;infinite&quot;:&quot;yes&quot;,&quot;effect&quot;:&quot;slide&quot;,&quot;speed&quot;:500}\" data-widget_type=\"image-carousel.default\">\n\t\t\t\t<div class=\"elementor-widget-container\">\n\t\t\t\t\t\t\t<div class=\"elementor-image-carousel-wrapper swiper\" role=\"region\" aria-roledescription=\"carousel\" aria-label=\"Carrousel d\u2019images\" dir=\"ltr\">\n\t\t\t<div class=\"elementor-image-carousel swiper-wrapper\" aria-live=\"polite\">\n\t\t\t\t\t\t\t\t<div class=\"swiper-slide\" role=\"group\" aria-roledescription=\"slide\" aria-label=\"1 sur 2\"><figure class=\"swiper-slide-inner\"><img class=\"swiper-slide-image swiper-lazy\" data-src=\"https:\/\/www.tecmaaluminium.com\/wp-content\/uploads\/2023\/11\/HANDGUARD_g01.jpg\" alt=\"HANDGUARD_g01\" \/><div class=\"swiper-lazy-preloader\"><\/div><\/figure><\/div><div class=\"swiper-slide\" role=\"group\" aria-roledescription=\"slide\" aria-label=\"2 sur 2\"><figure class=\"swiper-slide-inner\"><img class=\"swiper-slide-image swiper-lazy\" data-src=\"https:\/\/www.tecmaaluminium.com\/wp-content\/uploads\/2023\/11\/HANDGUARD.jpg\" alt=\"HANDGUARD\" \/><div class=\"swiper-lazy-preloader\"><\/div><\/figure><\/div>\t\t\t<\/div>\n\t\t\t\t\t\t\t\n\t\t\t\t\t\t\t\t\t<div class=\"swiper-pagination\"><\/div>\n\t\t\t\t\t\t\t\t\t<\/div>\n\t\t\t\t\t\t<\/div>\n\t\t\t\t<\/div>\n\t\t<div class=\"elementor-element elementor-element-26b73cb e-flex e-con-boxed e-con e-child\" data-id=\"26b73cb\" data-element_type=\"container\" data-e-type=\"container\">\n\t\t\t\t\t<div class=\"e-con-inner\">\n\t\t\t\t<div class=\"elementor-element elementor-element-ad4a4f4 elementor-widget elementor-widget-heading\" data-id=\"ad4a4f4\" data-element_type=\"widget\" data-e-type=\"widget\" data-widget_type=\"heading.default\">\n\t\t\t\t<div class=\"elementor-widget-container\">\n\t\t\t\t\t<h2 class=\"elementor-heading-title elementor-size-default\">HANDGUARD<\/h2>\t\t\t\t<\/div>\n\t\t\t\t<\/div>\n\t\t\t\t<div class=\"elementor-element elementor-element-f7fcf59 elementor-widget elementor-widget-image\" data-id=\"f7fcf59\" data-element_type=\"widget\" data-e-type=\"widget\" data-widget_type=\"image.default\">\n\t\t\t\t<div class=\"elementor-widget-container\">\n\t\t\t\t\t\t\t\t\t\t\t\t\t\t\t<img decoding=\"async\" width=\"124\" height=\"3\" src=\"https:\/\/www.tecmaaluminium.com\/wp-content\/uploads\/2023\/09\/separador_petit.svg\" class=\"attachment-full size-full wp-image-191\" alt=\"\" \/>\t\t\t\t\t\t\t\t\t\t\t\t\t\t\t<\/div>\n\t\t\t\t<\/div>\n\t\t\t\t<div class=\"elementor-element elementor-element-e498a23 elementor-widget elementor-widget-text-editor\" data-id=\"e498a23\" data-element_type=\"widget\" data-e-type=\"widget\" data-widget_type=\"text-editor.default\">\n\t\t\t\t<div class=\"elementor-widget-container\">\n\t\t\t\t\t\t\t\t\t<p><strong>ALLOY<\/strong><br \/>EN AW 6082 T6<br \/><strong>PROCESS<\/strong><br \/>4 axes Machined<br \/><strong>FINISH<\/strong><br \/>Vibrated + Sandblasted + Hard natural anodized<br \/><strong>DIMENSIONS<\/strong><br \/>62 x 47 x 370 mm.<\/p>\n\t\t\t\t\t\t\t\t<\/div>\n\t\t\t\t<\/div>\n\t\t\t\t<div class=\"elementor-element elementor-element-53888c6 elementor-widget elementor-widget-image\" data-id=\"53888c6\" data-element_type=\"widget\" data-e-type=\"widget\" data-widget_type=\"image.default\">\n\t\t\t\t<div class=\"elementor-widget-container\">\n\t\t\t\t\t\t\t\t\t\t\t\t\t\t\t<img decoding=\"async\" width=\"124\" height=\"3\" src=\"https:\/\/www.tecmaaluminium.com\/wp-content\/uploads\/2023\/09\/separador_petit.svg\" class=\"attachment-full size-full wp-image-191\" alt=\"\" \/>\t\t\t\t\t\t\t\t\t\t\t\t\t\t\t<\/div>\n\t\t\t\t<\/div>\n\t\t\t\t<div class=\"elementor-element elementor-element-0302e7a elementor-widget elementor-widget-text-editor\" data-id=\"0302e7a\" data-element_type=\"widget\" data-e-type=\"widget\" data-widget_type=\"text-editor.default\">\n\t\t\t\t<div class=\"elementor-widget-container\">\n\t\t\t\t\t\t\t\t\t<p>Nos clients d\u00e9tiennent la propri\u00e9t\u00e9 intellectuelle des images.<\/p>\n\t\t\t\t\t\t\t\t<\/div>\n\t\t\t\t<\/div>\n\t\t\t\t\t<\/div>\n\t\t\t\t<\/div>\n\t\t\t\t<\/div>\n\t\t\t\t<\/div>\n\t\t<div class=\"elementor-element elementor-element-e5542b1 e-con-full e-flex e-con e-parent\" data-id=\"e5542b1\" data-element_type=\"container\" data-e-type=\"container\">\n\t\t\t\t<\/div>\n\t\t<div class=\"elementor-element elementor-element-2f9c052 e-flex e-con-boxed e-con e-parent\" data-id=\"2f9c052\" data-element_type=\"container\" data-e-type=\"container\" data-settings=\"{&quot;background_background&quot;:&quot;classic&quot;}\">\n\t\t\t\t\t<div class=\"e-con-inner\">\n\t\t<div class=\"elementor-element elementor-element-bf17965 e-grid e-con-boxed e-con e-child\" data-id=\"bf17965\" data-element_type=\"container\" data-e-type=\"container\">\n\t\t\t\t\t<div class=\"e-con-inner\">\n\t\t<div class=\"elementor-element elementor-element-fe3d26f e-flex e-con-boxed e-con e-child\" data-id=\"fe3d26f\" data-element_type=\"container\" data-e-type=\"container\">\n\t\t\t\t\t<div class=\"e-con-inner\">\n\t\t\t\t<div class=\"elementor-element elementor-element-1f13222 elementor-widget elementor-widget-heading\" data-id=\"1f13222\" data-element_type=\"widget\" data-e-type=\"widget\" data-widget_type=\"heading.default\">\n\t\t\t\t<div class=\"elementor-widget-container\">\n\t\t\t\t\t<h2 class=\"elementor-heading-title elementor-size-default\">D\u00e9couvrez notre<br>processus de guichet unique<\/h2>\t\t\t\t<\/div>\n\t\t\t\t<\/div>\n\t\t\t\t<div class=\"elementor-element elementor-element-0d44e78 elementor-align-center elementor-widget elementor-widget-button\" data-id=\"0d44e78\" data-element_type=\"widget\" data-e-type=\"widget\" data-widget_type=\"button.default\">\n\t\t\t\t<div class=\"elementor-widget-container\">\n\t\t\t\t\t\t\t\t\t<div class=\"elementor-button-wrapper\">\n\t\t\t\t\t<a class=\"elementor-button elementor-button-link elementor-size-sm\" href=\"https:\/\/www.tecmaaluminium.com\/fr\/guichet-unique\/\">\n\t\t\t\t\t\t<span class=\"elementor-button-content-wrapper\">\n\t\t\t\t\t\t\t\t\t<span class=\"elementor-button-text\">En savoir plus<\/span>\n\t\t\t\t\t<\/span>\n\t\t\t\t\t<\/a>\n\t\t\t\t<\/div>\n\t\t\t\t\t\t\t\t<\/div>\n\t\t\t\t<\/div>\n\t\t\t\t\t<\/div>\n\t\t\t\t<\/div>\n\t\t<div class=\"elementor-element elementor-element-cebd664 e-flex e-con-boxed e-con e-child\" data-id=\"cebd664\" data-element_type=\"container\" data-e-type=\"container\">\n\t\t\t\t\t<div class=\"e-con-inner\">\n\t\t\t\t<div class=\"elementor-element elementor-element-acdbd11 elementor-widget elementor-widget-heading\" data-id=\"acdbd11\" data-element_type=\"widget\" data-e-type=\"widget\" data-widget_type=\"heading.default\">\n\t\t\t\t<div class=\"elementor-widget-container\">\n\t\t\t\t\t<h2 class=\"elementor-heading-title elementor-size-default\">\u00cates-vous pr\u00eat<br>\u00e0 commencer?<\/h2>\t\t\t\t<\/div>\n\t\t\t\t<\/div>\n\t\t\t\t<div class=\"elementor-element elementor-element-9c1343b elementor-align-center elementor-widget elementor-widget-button\" data-id=\"9c1343b\" data-element_type=\"widget\" data-e-type=\"widget\" data-widget_type=\"button.default\">\n\t\t\t\t<div class=\"elementor-widget-container\">\n\t\t\t\t\t\t\t\t\t<div class=\"elementor-button-wrapper\">\n\t\t\t\t\t<a class=\"elementor-button elementor-button-link elementor-size-sm\" href=\"https:\/\/www.tecmaaluminium.com\/fr\/obtenir-un-devis\/\" target=\"_blank\">\n\t\t\t\t\t\t<span class=\"elementor-button-content-wrapper\">\n\t\t\t\t\t\t\t\t\t<span class=\"elementor-button-text\">En savoir plus<\/span>\n\t\t\t\t\t<\/span>\n\t\t\t\t\t<\/a>\n\t\t\t\t<\/div>\n\t\t\t\t\t\t\t\t<\/div>\n\t\t\t\t<\/div>\n\t\t\t\t\t<\/div>\n\t\t\t\t<\/div>\n\t\t\t\t\t<\/div>\n\t\t\t\t<\/div>\n\t\t\t\t\t<\/div>\n\t\t\t\t<\/div>\n\t\t\t\t<\/div>\n\t\t","protected":false},"excerpt":{"rendered":"<p>\u00c9tudes de cas HANDGUARD ALLOYEN AW 6082 T6PROCESS4 axes MachinedFINISHVibrated + Sandblasted + Hard natural anodizedDIMENSIONS62 x 47 x 370 mm. Nos clients d\u00e9tiennent la propri\u00e9t\u00e9 intellectuelle des images. D\u00e9couvrez notreprocessus de guichet unique En savoir plus \u00cates-vous pr\u00eat\u00e0 commencer? En savoir plus<\/p>\n","protected":false},"author":2,"featured_media":0,"parent":0,"menu_order":0,"comment_status":"closed","ping_status":"closed","template":"","meta":{"footnotes":""},"class_list":["post-3848","page","type-page","status-publish","hentry"],"yoast_head":"<!-- This site is optimized with the Yoast SEO plugin v27.4 - https:\/\/yoast.com\/product\/yoast-seo-wordpress\/ -->\n<title>HANDGUARD - TECMA Aluminium<\/title>\n<meta name=\"robots\" content=\"index, follow, max-snippet:-1, max-image-preview:large, max-video-preview:-1\" \/>\n<link rel=\"canonical\" href=\"https:\/\/www.tecmaaluminium.com\/fr\/handguard\/\" \/>\n<meta property=\"og:locale\" content=\"fr_FR\" \/>\n<meta property=\"og:type\" content=\"article\" \/>\n<meta property=\"og:title\" content=\"HANDGUARD - TECMA Aluminium\" \/>\n<meta property=\"og:description\" content=\"\u00c9tudes de cas HANDGUARD ALLOYEN AW 6082 T6PROCESS4 axes MachinedFINISHVibrated + Sandblasted + Hard natural anodizedDIMENSIONS62 x 47 x 370 mm. Nos clients d\u00e9tiennent la propri\u00e9t\u00e9 intellectuelle des images. D\u00e9couvrez notreprocessus de guichet unique En savoir plus \u00cates-vous pr\u00eat\u00e0 commencer? En savoir plus\" \/>\n<meta property=\"og:url\" content=\"https:\/\/www.tecmaaluminium.com\/fr\/handguard\/\" \/>\n<meta property=\"og:site_name\" content=\"TECMA Aluminium\" \/>\n<meta property=\"article:modified_time\" content=\"2024-10-17T11:38:13+00:00\" \/>\n<meta property=\"og:image\" content=\"https:\/\/www.tecmaaluminium.com\/wp-content\/uploads\/2023\/11\/HANDGUARD_g01.jpg\" \/>\n<meta name=\"twitter:card\" content=\"summary_large_image\" \/>\n<script type=\"application\/ld+json\" class=\"yoast-schema-graph\">{\"@context\":\"https:\\\/\\\/schema.org\",\"@graph\":[{\"@type\":\"WebPage\",\"@id\":\"https:\\\/\\\/www.tecmaaluminium.com\\\/fr\\\/handguard\\\/\",\"url\":\"https:\\\/\\\/www.tecmaaluminium.com\\\/fr\\\/handguard\\\/\",\"name\":\"HANDGUARD - TECMA Aluminium\",\"isPartOf\":{\"@id\":\"https:\\\/\\\/www.tecmaaluminium.com\\\/fr\\\/#website\"},\"primaryImageOfPage\":{\"@id\":\"https:\\\/\\\/www.tecmaaluminium.com\\\/fr\\\/handguard\\\/#primaryimage\"},\"image\":{\"@id\":\"https:\\\/\\\/www.tecmaaluminium.com\\\/fr\\\/handguard\\\/#primaryimage\"},\"thumbnailUrl\":\"https:\\\/\\\/www.tecmaaluminium.com\\\/wp-content\\\/uploads\\\/2023\\\/11\\\/HANDGUARD_g01.jpg\",\"datePublished\":\"2023-11-09T14:18:57+00:00\",\"dateModified\":\"2024-10-17T11:38:13+00:00\",\"breadcrumb\":{\"@id\":\"https:\\\/\\\/www.tecmaaluminium.com\\\/fr\\\/handguard\\\/#breadcrumb\"},\"inLanguage\":\"fr-FR\",\"potentialAction\":[{\"@type\":\"ReadAction\",\"target\":[\"https:\\\/\\\/www.tecmaaluminium.com\\\/fr\\\/handguard\\\/\"]}]},{\"@type\":\"ImageObject\",\"inLanguage\":\"fr-FR\",\"@id\":\"https:\\\/\\\/www.tecmaaluminium.com\\\/fr\\\/handguard\\\/#primaryimage\",\"url\":\"https:\\\/\\\/www.tecmaaluminium.com\\\/wp-content\\\/uploads\\\/2023\\\/11\\\/HANDGUARD_g01.jpg\",\"contentUrl\":\"https:\\\/\\\/www.tecmaaluminium.com\\\/wp-content\\\/uploads\\\/2023\\\/11\\\/HANDGUARD_g01.jpg\"},{\"@type\":\"BreadcrumbList\",\"@id\":\"https:\\\/\\\/www.tecmaaluminium.com\\\/fr\\\/handguard\\\/#breadcrumb\",\"itemListElement\":[{\"@type\":\"ListItem\",\"position\":1,\"name\":\"Portada\",\"item\":\"https:\\\/\\\/www.tecmaaluminium.com\\\/fr\\\/acccueil\\\/\"},{\"@type\":\"ListItem\",\"position\":2,\"name\":\"HANDGUARD\"}]},{\"@type\":\"WebSite\",\"@id\":\"https:\\\/\\\/www.tecmaaluminium.com\\\/fr\\\/#website\",\"url\":\"https:\\\/\\\/www.tecmaaluminium.com\\\/fr\\\/\",\"name\":\"TECMA Aluminium\",\"description\":\"L\u00edderes nacionales en la mecanizaci\u00f3n y transformaci\u00f3n de piezas de aluminio\",\"publisher\":{\"@id\":\"https:\\\/\\\/www.tecmaaluminium.com\\\/fr\\\/#organization\"},\"potentialAction\":[{\"@type\":\"SearchAction\",\"target\":{\"@type\":\"EntryPoint\",\"urlTemplate\":\"https:\\\/\\\/www.tecmaaluminium.com\\\/fr\\\/?s={search_term_string}\"},\"query-input\":{\"@type\":\"PropertyValueSpecification\",\"valueRequired\":true,\"valueName\":\"search_term_string\"}}],\"inLanguage\":\"fr-FR\"},{\"@type\":\"Organization\",\"@id\":\"https:\\\/\\\/www.tecmaaluminium.com\\\/fr\\\/#organization\",\"name\":\"TECMA Aluminium\",\"url\":\"https:\\\/\\\/www.tecmaaluminium.com\\\/fr\\\/\",\"logo\":{\"@type\":\"ImageObject\",\"inLanguage\":\"fr-FR\",\"@id\":\"https:\\\/\\\/www.tecmaaluminium.com\\\/fr\\\/#\\\/schema\\\/logo\\\/image\\\/\",\"url\":\"https:\\\/\\\/www.tecmaaluminium.com\\\/wp-content\\\/uploads\\\/2023\\\/08\\\/cropped-logo_TECMA.png\",\"contentUrl\":\"https:\\\/\\\/www.tecmaaluminium.com\\\/wp-content\\\/uploads\\\/2023\\\/08\\\/cropped-logo_TECMA.png\",\"width\":500,\"height\":129,\"caption\":\"TECMA Aluminium\"},\"image\":{\"@id\":\"https:\\\/\\\/www.tecmaaluminium.com\\\/fr\\\/#\\\/schema\\\/logo\\\/image\\\/\"}}]}<\/script>\n<!-- \/ Yoast SEO plugin. -->","yoast_head_json":{"title":"HANDGUARD - TECMA Aluminium","robots":{"index":"index","follow":"follow","max-snippet":"max-snippet:-1","max-image-preview":"max-image-preview:large","max-video-preview":"max-video-preview:-1"},"canonical":"https:\/\/www.tecmaaluminium.com\/fr\/handguard\/","og_locale":"fr_FR","og_type":"article","og_title":"HANDGUARD - TECMA Aluminium","og_description":"\u00c9tudes de cas HANDGUARD ALLOYEN AW 6082 T6PROCESS4 axes MachinedFINISHVibrated + Sandblasted + Hard natural anodizedDIMENSIONS62 x 47 x 370 mm. Nos clients d\u00e9tiennent la propri\u00e9t\u00e9 intellectuelle des images. D\u00e9couvrez notreprocessus de guichet unique En savoir plus \u00cates-vous pr\u00eat\u00e0 commencer? En savoir plus","og_url":"https:\/\/www.tecmaaluminium.com\/fr\/handguard\/","og_site_name":"TECMA Aluminium","article_modified_time":"2024-10-17T11:38:13+00:00","og_image":[{"url":"https:\/\/www.tecmaaluminium.com\/wp-content\/uploads\/2023\/11\/HANDGUARD_g01.jpg","type":"","width":"","height":""}],"twitter_card":"summary_large_image","schema":{"@context":"https:\/\/schema.org","@graph":[{"@type":"WebPage","@id":"https:\/\/www.tecmaaluminium.com\/fr\/handguard\/","url":"https:\/\/www.tecmaaluminium.com\/fr\/handguard\/","name":"HANDGUARD - TECMA Aluminium","isPartOf":{"@id":"https:\/\/www.tecmaaluminium.com\/fr\/#website"},"primaryImageOfPage":{"@id":"https:\/\/www.tecmaaluminium.com\/fr\/handguard\/#primaryimage"},"image":{"@id":"https:\/\/www.tecmaaluminium.com\/fr\/handguard\/#primaryimage"},"thumbnailUrl":"https:\/\/www.tecmaaluminium.com\/wp-content\/uploads\/2023\/11\/HANDGUARD_g01.jpg","datePublished":"2023-11-09T14:18:57+00:00","dateModified":"2024-10-17T11:38:13+00:00","breadcrumb":{"@id":"https:\/\/www.tecmaaluminium.com\/fr\/handguard\/#breadcrumb"},"inLanguage":"fr-FR","potentialAction":[{"@type":"ReadAction","target":["https:\/\/www.tecmaaluminium.com\/fr\/handguard\/"]}]},{"@type":"ImageObject","inLanguage":"fr-FR","@id":"https:\/\/www.tecmaaluminium.com\/fr\/handguard\/#primaryimage","url":"https:\/\/www.tecmaaluminium.com\/wp-content\/uploads\/2023\/11\/HANDGUARD_g01.jpg","contentUrl":"https:\/\/www.tecmaaluminium.com\/wp-content\/uploads\/2023\/11\/HANDGUARD_g01.jpg"},{"@type":"BreadcrumbList","@id":"https:\/\/www.tecmaaluminium.com\/fr\/handguard\/#breadcrumb","itemListElement":[{"@type":"ListItem","position":1,"name":"Portada","item":"https:\/\/www.tecmaaluminium.com\/fr\/acccueil\/"},{"@type":"ListItem","position":2,"name":"HANDGUARD"}]},{"@type":"WebSite","@id":"https:\/\/www.tecmaaluminium.com\/fr\/#website","url":"https:\/\/www.tecmaaluminium.com\/fr\/","name":"TECMA Aluminium","description":"L\u00edderes nacionales en la mecanizaci\u00f3n y transformaci\u00f3n de piezas de aluminio","publisher":{"@id":"https:\/\/www.tecmaaluminium.com\/fr\/#organization"},"potentialAction":[{"@type":"SearchAction","target":{"@type":"EntryPoint","urlTemplate":"https:\/\/www.tecmaaluminium.com\/fr\/?s={search_term_string}"},"query-input":{"@type":"PropertyValueSpecification","valueRequired":true,"valueName":"search_term_string"}}],"inLanguage":"fr-FR"},{"@type":"Organization","@id":"https:\/\/www.tecmaaluminium.com\/fr\/#organization","name":"TECMA Aluminium","url":"https:\/\/www.tecmaaluminium.com\/fr\/","logo":{"@type":"ImageObject","inLanguage":"fr-FR","@id":"https:\/\/www.tecmaaluminium.com\/fr\/#\/schema\/logo\/image\/","url":"https:\/\/www.tecmaaluminium.com\/wp-content\/uploads\/2023\/08\/cropped-logo_TECMA.png","contentUrl":"https:\/\/www.tecmaaluminium.com\/wp-content\/uploads\/2023\/08\/cropped-logo_TECMA.png","width":500,"height":129,"caption":"TECMA Aluminium"},"image":{"@id":"https:\/\/www.tecmaaluminium.com\/fr\/#\/schema\/logo\/image\/"}}]}},"_links":{"self":[{"href":"https:\/\/www.tecmaaluminium.com\/fr\/wp-json\/wp\/v2\/pages\/3848","targetHints":{"allow":["GET"]}}],"collection":[{"href":"https:\/\/www.tecmaaluminium.com\/fr\/wp-json\/wp\/v2\/pages"}],"about":[{"href":"https:\/\/www.tecmaaluminium.com\/fr\/wp-json\/wp\/v2\/types\/page"}],"author":[{"embeddable":true,"href":"https:\/\/www.tecmaaluminium.com\/fr\/wp-json\/wp\/v2\/users\/2"}],"replies":[{"embeddable":true,"href":"https:\/\/www.tecmaaluminium.com\/fr\/wp-json\/wp\/v2\/comments?post=3848"}],"version-history":[{"count":1,"href":"https:\/\/www.tecmaaluminium.com\/fr\/wp-json\/wp\/v2\/pages\/3848\/revisions"}],"predecessor-version":[{"id":3849,"href":"https:\/\/www.tecmaaluminium.com\/fr\/wp-json\/wp\/v2\/pages\/3848\/revisions\/3849"}],"wp:attachment":[{"href":"https:\/\/www.tecmaaluminium.com\/fr\/wp-json\/wp\/v2\/media?parent=3848"}],"curies":[{"name":"wp","href":"https:\/\/api.w.org\/{rel}","templated":true}]}}