{"id":3879,"date":"2024-06-25T13:44:38","date_gmt":"2024-06-25T11:44:38","guid":{"rendered":"https:\/\/www.tecmaaluminium.com\/politique-de-qualite\/"},"modified":"2024-10-18T12:27:36","modified_gmt":"2024-10-18T10:27:36","slug":"politique-de-qualite","status":"publish","type":"page","link":"https:\/\/www.tecmaaluminium.com\/fr\/politique-de-qualite\/","title":{"rendered":"Politique de qualit\u00e9"},"content":{"rendered":"\t\t<div data-elementor-type=\"wp-page\" data-elementor-id=\"3879\" class=\"elementor elementor-3879 elementor-3457\" data-elementor-post-type=\"page\">\n\t\t\t\t<div class=\"elementor-element elementor-element-387e6ef5 e-con-full e-flex e-con e-parent\" data-id=\"387e6ef5\" data-element_type=\"container\" data-e-type=\"container\">\n\t\t\t\t<div class=\"elementor-element elementor-element-6c832ded elementor-widget__width-initial elementor-widget elementor-widget-text-editor\" data-id=\"6c832ded\" data-element_type=\"widget\" data-e-type=\"widget\" data-widget_type=\"text-editor.default\">\n\t\t\t\t<div class=\"elementor-widget-container\">\n\t\t\t\t\t\t\t\t\t<div>\n<p><strong>POLITIQUE DE QUALIT\u00c9 ET D&rsquo;ENVIRONNEMENT<\/strong><\/p>\n<p><strong><br><\/strong><\/p>\n<p><strong><br><\/strong><\/p>\n<p><\/p>\n<p>L&rsquo;entreprise <b>TECMA ALUMINIUM, SL<\/b> a pour principal objectif de fournir \u00e0 ses clients un produit global couvrant toutes les phases de production de composants en aluminium, conform\u00e9ment aux besoins de chaque client.<\/p>\n<p>Notre service global va du choix de la mati\u00e8re premi\u00e8re, en passant par le conseil technique, la fabrication, l&rsquo;usinage, les finitions, l&rsquo;assemblage jusqu&rsquo;\u00e0 l&#8217;emballage personnalis\u00e9.<\/p>\n<p><br><\/p>\n<p><\/p>\n<p>L&rsquo;activit\u00e9 que <b>TECMA ALUMINIUM, SL<\/b> consid\u00e8re conforme aux exigences des normes ISO 9001:2015 et ISO 14001:2015 est la suivante :<\/p>\n<p><\/p>\n<p><b>Transformation de pi\u00e8ces en aluminium et assemblages.<\/b><\/p>\n<p><b>&nbsp;<\/b><\/p>\n<p><span style=\"color: var( --e-global-color-d1dce8d ); letter-spacing: -0.4px;\">La d\u00e9claration de politique comprend les grandes lignes suivantes :<\/span><\/p>\n<p><span style=\"color: var( --e-global-color-d1dce8d ); letter-spacing: -0.4px;\">&nbsp;<\/span><\/p>\n<p>\u00b7 Engagement&nbsp;<b>\u00e0 respecter les exigences applicables, y compris les exigences l\u00e9gales.<\/b><\/p>\n<p>\u00b7 Maintenir une \u00e9troite <b>collaboration avec le client<\/b> pour obtenir le maximum de chaque projet et r\u00e9pondre \u00e0 ses besoins de mani\u00e8re personnalis\u00e9e et rapide.<\/p>\n<p>\u00b7 Miser sur les&nbsp;<b>produits en aluminium <\/b>des secteurs industriels et des nouvelles technologies \u00e0 &nbsp;<b>forte valeur ajout\u00e9e.<\/b><\/p>\n<p>\u00b7 G\u00e9rer les processus qui <b>r\u00e9duisent l&rsquo;impact environnemental<\/b> de notre activit\u00e9 et \u00e9valuer en amont l&rsquo;impact des nouvelles activit\u00e9s ou services.<\/p>\n<p>\u00b7 Promouvoir <b>l&rsquo;utilisation rationnelle des ressources naturelles<\/b> et sensibiliser clairement \u00e0 l&rsquo;am\u00e9lioration de notre environnement, non seulement par notre travail, mais aussi en impliquant tous nos fournisseurs et clients.<\/p>\n<p>\u00b7 Engagement pour la <b>protection de l&rsquo;environnement<\/b>, y compris la pr\u00e9vention de la pollution et l&rsquo;utilisation durable des ressources.<\/p>\n<p>\u00b7 Veiller \u00e0 ce que les <b>conditions de travail soient optimales<\/b> en \u00e9valuant les risques pouvant survenir dans les processus, en les \u00e9liminant dans la mesure du possible et en r\u00e9duisant ceux qui sont \u00e9valu\u00e9s.<\/p>\n<p>\u00b7 D\u00e9velopper des programmes de <b>formation continue<\/b> pour atteindre le meilleur niveau de qualification de nos employ\u00e9s, impliquant ainsi tout le personnel dans l&rsquo;atteinte de nos objectifs.<\/p>\n<p>\u00b7 Engagement pour <b>l&rsquo;am\u00e9lioration continue<\/b> du syst\u00e8me de gestion mis en place dans l&rsquo;entreprise.<\/p>\n<p>\u00b7 Promouvoir et instaurer un <b>environnement motivant<\/b> pour tous les membres de l&rsquo;entreprise.<\/p>\n<p><br><\/p>\n<p><\/p>\n<p>La Direction rend cette politique accessible et la met \u00e0 la disposition de ses clients, de tous ses employ\u00e9s, de ses fournisseurs et des autres parties int\u00e9ress\u00e9es.<\/p>\n<p><br><\/p>\n<p><\/p>\n<p>La politique est mise \u00e0 jour p\u00e9riodiquement, en m\u00eame temps que les r\u00e9visions du syst\u00e8me par la Direction, afin de prendre en compte les changements dans l&rsquo;environnement et les informations re\u00e7ues. \u00c0 cet \u00e9gard, la Direction fournit et fournira tous les moyens humains, techniques et \u00e9conomiques n\u00e9cessaires pour atteindre les objectifs et les buts fix\u00e9s de mani\u00e8re planifi\u00e9e et p\u00e9riodique. <\/p>\n<p><br><\/p>\n<p><br><\/p>\n<p><\/p>\n<p>Narc\u00eds Puigdemont<\/p>\n<p>06-03-2024<\/p>\n<p>\u00c9dition 4<\/p>\n<div>&nbsp;<\/div>\n<\/div>\t\t\t\t\t\t\t\t<\/div>\n\t\t\t\t<\/div>\n\t\t\t\t<\/div>\n\t\t\t\t<\/div>\n\t\t","protected":false},"excerpt":{"rendered":"<p>POLITIQUE DE QUALIT\u00c9 ET D&rsquo;ENVIRONNEMENT L&rsquo;entreprise TECMA ALUMINIUM, SL a pour principal objectif de fournir \u00e0 ses clients un produit global couvrant toutes les phases de production de composants en aluminium, conform\u00e9ment aux besoins de chaque client. Notre service global va du choix de la mati\u00e8re premi\u00e8re, en passant par le conseil technique, la fabrication, [&hellip;]<\/p>\n","protected":false},"author":3,"featured_media":0,"parent":0,"menu_order":0,"comment_status":"closed","ping_status":"closed","template":"","meta":{"footnotes":""},"class_list":["post-3879","page","type-page","status-publish","hentry"],"yoast_head":"<!-- This site is optimized with the Yoast SEO plugin v27.3 - https:\/\/yoast.com\/product\/yoast-seo-wordpress\/ -->\n<title>Politique de qualit\u00e9 - TECMA Aluminium<\/title>\n<meta name=\"robots\" content=\"index, follow, max-snippet:-1, max-image-preview:large, max-video-preview:-1\" \/>\n<link rel=\"canonical\" href=\"https:\/\/www.tecmaaluminium.com\/fr\/politique-de-qualite\/\" \/>\n<meta property=\"og:locale\" content=\"fr_FR\" \/>\n<meta property=\"og:type\" content=\"article\" \/>\n<meta property=\"og:title\" content=\"Politique de qualit\u00e9 - TECMA Aluminium\" \/>\n<meta property=\"og:description\" content=\"POLITIQUE DE QUALIT\u00c9 ET D&rsquo;ENVIRONNEMENT L&rsquo;entreprise TECMA ALUMINIUM, SL a pour principal objectif de fournir \u00e0 ses clients un produit global couvrant toutes les phases de production de composants en aluminium, conform\u00e9ment aux besoins de chaque client. Notre service global va du choix de la mati\u00e8re premi\u00e8re, en passant par le conseil technique, la fabrication, [&hellip;]\" \/>\n<meta property=\"og:url\" content=\"https:\/\/www.tecmaaluminium.com\/fr\/politique-de-qualite\/\" \/>\n<meta property=\"og:site_name\" content=\"TECMA Aluminium\" \/>\n<meta property=\"article:modified_time\" content=\"2024-10-18T10:27:36+00:00\" \/>\n<meta name=\"twitter:card\" content=\"summary_large_image\" \/>\n<meta name=\"twitter:label1\" content=\"Dur\u00e9e de lecture estim\u00e9e\" \/>\n\t<meta name=\"twitter:data1\" content=\"2 minutes\" \/>\n<script type=\"application\/ld+json\" class=\"yoast-schema-graph\">{\"@context\":\"https:\\\/\\\/schema.org\",\"@graph\":[{\"@type\":\"WebPage\",\"@id\":\"https:\\\/\\\/www.tecmaaluminium.com\\\/fr\\\/politique-de-qualite\\\/\",\"url\":\"https:\\\/\\\/www.tecmaaluminium.com\\\/fr\\\/politique-de-qualite\\\/\",\"name\":\"Politique de qualit\u00e9 - TECMA Aluminium\",\"isPartOf\":{\"@id\":\"https:\\\/\\\/www.tecmaaluminium.com\\\/fr\\\/#website\"},\"datePublished\":\"2024-06-25T11:44:38+00:00\",\"dateModified\":\"2024-10-18T10:27:36+00:00\",\"breadcrumb\":{\"@id\":\"https:\\\/\\\/www.tecmaaluminium.com\\\/fr\\\/politique-de-qualite\\\/#breadcrumb\"},\"inLanguage\":\"fr-FR\",\"potentialAction\":[{\"@type\":\"ReadAction\",\"target\":[\"https:\\\/\\\/www.tecmaaluminium.com\\\/fr\\\/politique-de-qualite\\\/\"]}]},{\"@type\":\"BreadcrumbList\",\"@id\":\"https:\\\/\\\/www.tecmaaluminium.com\\\/fr\\\/politique-de-qualite\\\/#breadcrumb\",\"itemListElement\":[{\"@type\":\"ListItem\",\"position\":1,\"name\":\"Portada\",\"item\":\"https:\\\/\\\/www.tecmaaluminium.com\\\/fr\\\/acccueil\\\/\"},{\"@type\":\"ListItem\",\"position\":2,\"name\":\"Politique de qualit\u00e9\"}]},{\"@type\":\"WebSite\",\"@id\":\"https:\\\/\\\/www.tecmaaluminium.com\\\/fr\\\/#website\",\"url\":\"https:\\\/\\\/www.tecmaaluminium.com\\\/fr\\\/\",\"name\":\"TECMA Aluminium\",\"description\":\"L\u00edderes nacionales en la mecanizaci\u00f3n y transformaci\u00f3n de piezas de aluminio\",\"publisher\":{\"@id\":\"https:\\\/\\\/www.tecmaaluminium.com\\\/fr\\\/#organization\"},\"potentialAction\":[{\"@type\":\"SearchAction\",\"target\":{\"@type\":\"EntryPoint\",\"urlTemplate\":\"https:\\\/\\\/www.tecmaaluminium.com\\\/fr\\\/?s={search_term_string}\"},\"query-input\":{\"@type\":\"PropertyValueSpecification\",\"valueRequired\":true,\"valueName\":\"search_term_string\"}}],\"inLanguage\":\"fr-FR\"},{\"@type\":\"Organization\",\"@id\":\"https:\\\/\\\/www.tecmaaluminium.com\\\/fr\\\/#organization\",\"name\":\"TECMA Aluminium\",\"url\":\"https:\\\/\\\/www.tecmaaluminium.com\\\/fr\\\/\",\"logo\":{\"@type\":\"ImageObject\",\"inLanguage\":\"fr-FR\",\"@id\":\"https:\\\/\\\/www.tecmaaluminium.com\\\/fr\\\/#\\\/schema\\\/logo\\\/image\\\/\",\"url\":\"https:\\\/\\\/www.tecmaaluminium.com\\\/wp-content\\\/uploads\\\/2023\\\/08\\\/cropped-logo_TECMA.png\",\"contentUrl\":\"https:\\\/\\\/www.tecmaaluminium.com\\\/wp-content\\\/uploads\\\/2023\\\/08\\\/cropped-logo_TECMA.png\",\"width\":500,\"height\":129,\"caption\":\"TECMA Aluminium\"},\"image\":{\"@id\":\"https:\\\/\\\/www.tecmaaluminium.com\\\/fr\\\/#\\\/schema\\\/logo\\\/image\\\/\"}}]}<\/script>\n<!-- \/ Yoast SEO plugin. -->","yoast_head_json":{"title":"Politique de qualit\u00e9 - TECMA Aluminium","robots":{"index":"index","follow":"follow","max-snippet":"max-snippet:-1","max-image-preview":"max-image-preview:large","max-video-preview":"max-video-preview:-1"},"canonical":"https:\/\/www.tecmaaluminium.com\/fr\/politique-de-qualite\/","og_locale":"fr_FR","og_type":"article","og_title":"Politique de qualit\u00e9 - TECMA Aluminium","og_description":"POLITIQUE DE QUALIT\u00c9 ET D&rsquo;ENVIRONNEMENT L&rsquo;entreprise TECMA ALUMINIUM, SL a pour principal objectif de fournir \u00e0 ses clients un produit global couvrant toutes les phases de production de composants en aluminium, conform\u00e9ment aux besoins de chaque client. Notre service global va du choix de la mati\u00e8re premi\u00e8re, en passant par le conseil technique, la fabrication, [&hellip;]","og_url":"https:\/\/www.tecmaaluminium.com\/fr\/politique-de-qualite\/","og_site_name":"TECMA Aluminium","article_modified_time":"2024-10-18T10:27:36+00:00","twitter_card":"summary_large_image","twitter_misc":{"Dur\u00e9e de lecture estim\u00e9e":"2 minutes"},"schema":{"@context":"https:\/\/schema.org","@graph":[{"@type":"WebPage","@id":"https:\/\/www.tecmaaluminium.com\/fr\/politique-de-qualite\/","url":"https:\/\/www.tecmaaluminium.com\/fr\/politique-de-qualite\/","name":"Politique de qualit\u00e9 - TECMA Aluminium","isPartOf":{"@id":"https:\/\/www.tecmaaluminium.com\/fr\/#website"},"datePublished":"2024-06-25T11:44:38+00:00","dateModified":"2024-10-18T10:27:36+00:00","breadcrumb":{"@id":"https:\/\/www.tecmaaluminium.com\/fr\/politique-de-qualite\/#breadcrumb"},"inLanguage":"fr-FR","potentialAction":[{"@type":"ReadAction","target":["https:\/\/www.tecmaaluminium.com\/fr\/politique-de-qualite\/"]}]},{"@type":"BreadcrumbList","@id":"https:\/\/www.tecmaaluminium.com\/fr\/politique-de-qualite\/#breadcrumb","itemListElement":[{"@type":"ListItem","position":1,"name":"Portada","item":"https:\/\/www.tecmaaluminium.com\/fr\/acccueil\/"},{"@type":"ListItem","position":2,"name":"Politique de qualit\u00e9"}]},{"@type":"WebSite","@id":"https:\/\/www.tecmaaluminium.com\/fr\/#website","url":"https:\/\/www.tecmaaluminium.com\/fr\/","name":"TECMA Aluminium","description":"L\u00edderes nacionales en la mecanizaci\u00f3n y transformaci\u00f3n de piezas de aluminio","publisher":{"@id":"https:\/\/www.tecmaaluminium.com\/fr\/#organization"},"potentialAction":[{"@type":"SearchAction","target":{"@type":"EntryPoint","urlTemplate":"https:\/\/www.tecmaaluminium.com\/fr\/?s={search_term_string}"},"query-input":{"@type":"PropertyValueSpecification","valueRequired":true,"valueName":"search_term_string"}}],"inLanguage":"fr-FR"},{"@type":"Organization","@id":"https:\/\/www.tecmaaluminium.com\/fr\/#organization","name":"TECMA Aluminium","url":"https:\/\/www.tecmaaluminium.com\/fr\/","logo":{"@type":"ImageObject","inLanguage":"fr-FR","@id":"https:\/\/www.tecmaaluminium.com\/fr\/#\/schema\/logo\/image\/","url":"https:\/\/www.tecmaaluminium.com\/wp-content\/uploads\/2023\/08\/cropped-logo_TECMA.png","contentUrl":"https:\/\/www.tecmaaluminium.com\/wp-content\/uploads\/2023\/08\/cropped-logo_TECMA.png","width":500,"height":129,"caption":"TECMA Aluminium"},"image":{"@id":"https:\/\/www.tecmaaluminium.com\/fr\/#\/schema\/logo\/image\/"}}]}},"_links":{"self":[{"href":"https:\/\/www.tecmaaluminium.com\/fr\/wp-json\/wp\/v2\/pages\/3879","targetHints":{"allow":["GET"]}}],"collection":[{"href":"https:\/\/www.tecmaaluminium.com\/fr\/wp-json\/wp\/v2\/pages"}],"about":[{"href":"https:\/\/www.tecmaaluminium.com\/fr\/wp-json\/wp\/v2\/types\/page"}],"author":[{"embeddable":true,"href":"https:\/\/www.tecmaaluminium.com\/fr\/wp-json\/wp\/v2\/users\/3"}],"replies":[{"embeddable":true,"href":"https:\/\/www.tecmaaluminium.com\/fr\/wp-json\/wp\/v2\/comments?post=3879"}],"version-history":[{"count":1,"href":"https:\/\/www.tecmaaluminium.com\/fr\/wp-json\/wp\/v2\/pages\/3879\/revisions"}],"predecessor-version":[{"id":3880,"href":"https:\/\/www.tecmaaluminium.com\/fr\/wp-json\/wp\/v2\/pages\/3879\/revisions\/3880"}],"wp:attachment":[{"href":"https:\/\/www.tecmaaluminium.com\/fr\/wp-json\/wp\/v2\/media?parent=3879"}],"curies":[{"name":"wp","href":"https:\/\/api.w.org\/{rel}","templated":true}]}}