{"id":3888,"date":"2023-09-13T17:15:30","date_gmt":"2023-09-13T15:15:30","guid":{"rendered":"https:\/\/www.tecmaaluminium.com\/obtenir-un-devis\/"},"modified":"2024-10-18T12:47:34","modified_gmt":"2024-10-18T10:47:34","slug":"obtenir-un-devis","status":"publish","type":"page","link":"https:\/\/www.tecmaaluminium.com\/fr\/obtenir-un-devis\/","title":{"rendered":"Obtenir un devis"},"content":{"rendered":"\t\t<div data-elementor-type=\"wp-page\" data-elementor-id=\"3888\" class=\"elementor elementor-3888 elementor-966\" data-elementor-post-type=\"page\">\n\t\t\t\t<div class=\"elementor-element elementor-element-00cfbe7 e-con-full e-flex e-con e-parent\" data-id=\"00cfbe7\" data-element_type=\"container\" data-e-type=\"container\">\n\t\t<div class=\"elementor-element elementor-element-93c5b11 e-con-full e-flex e-con e-child\" data-id=\"93c5b11\" data-element_type=\"container\" data-e-type=\"container\">\n\t\t<div class=\"elementor-element elementor-element-49db9ef e-con-full e-flex e-con e-child\" data-id=\"49db9ef\" data-element_type=\"container\" data-e-type=\"container\">\n\t\t\t\t<div class=\"elementor-element elementor-element-b7a0124 elementor-widget__width-inherit elementor-widget elementor-widget-image\" data-id=\"b7a0124\" data-element_type=\"widget\" data-e-type=\"widget\" data-widget_type=\"image.default\">\n\t\t\t\t<div class=\"elementor-widget-container\">\n\t\t\t\t\t\t\t\t\t\t\t\t\t\t\t<img decoding=\"async\" src=\"https:\/\/www.tecmaaluminium.com\/wp-content\/uploads\/2023\/08\/logo_tecma_blanc.svg\" title=\"logo_tecma_blanc\" alt=\"logo_tecma_blanc\" loading=\"lazy\" \/>\t\t\t\t\t\t\t\t\t\t\t\t\t\t\t<\/div>\n\t\t\t\t<\/div>\n\t\t\t\t<div class=\"elementor-element elementor-element-f7bec02 elementor-widget elementor-widget-heading\" data-id=\"f7bec02\" data-element_type=\"widget\" data-e-type=\"widget\" data-widget_type=\"heading.default\">\n\t\t\t\t<div class=\"elementor-widget-container\">\n\t\t\t\t\t<h2 class=\"elementor-heading-title elementor-size-default\">Voulez-vous un devis<br>du guichet unique<br>de Tecma?<\/h2>\t\t\t\t<\/div>\n\t\t\t\t<\/div>\n\t\t\t\t<div class=\"elementor-element elementor-element-bcbfb1e elementor-widget elementor-widget-image\" data-id=\"bcbfb1e\" data-element_type=\"widget\" data-e-type=\"widget\" data-widget_type=\"image.default\">\n\t\t\t\t<div class=\"elementor-widget-container\">\n\t\t\t\t\t\t\t\t\t\t\t\t\t\t\t<img decoding=\"async\" width=\"124\" height=\"3\" src=\"https:\/\/www.tecmaaluminium.com\/wp-content\/uploads\/2023\/09\/separador_petit.svg\" class=\"attachment-full size-full wp-image-191\" alt=\"\" \/>\t\t\t\t\t\t\t\t\t\t\t\t\t\t\t<\/div>\n\t\t\t\t<\/div>\n\t\t\t\t<div class=\"elementor-element elementor-element-29b5bea elementor-widget__width-initial elementor-widget elementor-widget-text-editor\" data-id=\"29b5bea\" data-element_type=\"widget\" data-e-type=\"widget\" data-widget_type=\"text-editor.default\">\n\t\t\t\t<div class=\"elementor-widget-container\">\n\t\t\t\t\t\t\t\t\t<p>Notre \u00e9quipe du guichet unique vous r\u00e9pondra imm\u00e9diatement pour discuter de vos besoins.<\/p>\n\t\t\t\t\t\t\t\t<\/div>\n\t\t\t\t<\/div>\n\t\t\t\t<div class=\"elementor-element elementor-element-687fca3 elementor-widget__width-initial elementor-widget elementor-widget-text-editor\" data-id=\"687fca3\" data-element_type=\"widget\" data-e-type=\"widget\" data-widget_type=\"text-editor.default\">\n\t\t\t\t<div class=\"elementor-widget-container\">\n\t\t\t\t\t\t\t\t\t<strong>Enquiries: <\/strong> T. <strong>+34 972 59 48 37<\/strong><a style=\"color: #1ea8e8;\" href=\"mailto:quote@tecmaaluminium.com\">quote@tecmaaluminium.com<\/a>\t\t\t\t\t\t\t\t<\/div>\n\t\t\t\t<\/div>\n\t\t\t\t<\/div>\n\t\t\t\t<\/div>\n\t\t<div class=\"elementor-element elementor-element-44270da e-con-full e-flex e-con e-child\" data-id=\"44270da\" data-element_type=\"container\" data-e-type=\"container\">\n\t\t<div class=\"elementor-element elementor-element-d6c8c1b e-con-full e-flex e-con e-child\" data-id=\"d6c8c1b\" data-element_type=\"container\" data-e-type=\"container\">\n\t\t\t\t<div class=\"elementor-element elementor-element-01c2bd6 elementor-widget-mobile__width-initial elementor-widget elementor-widget-heading\" data-id=\"01c2bd6\" data-element_type=\"widget\" data-e-type=\"widget\" data-widget_type=\"heading.default\">\n\t\t\t\t<div class=\"elementor-widget-container\">\n\t\t\t\t\t<h2 class=\"elementor-heading-title elementor-size-default\">OBTENIR UN DEVIS<\/h2>\t\t\t\t<\/div>\n\t\t\t\t<\/div>\n\t\t\t\t<div class=\"elementor-element elementor-element-9af9530 elementor-widget__width-initial elementor-widget elementor-widget-text-editor\" data-id=\"9af9530\" data-element_type=\"widget\" data-e-type=\"widget\" data-widget_type=\"text-editor.default\">\n\t\t\t\t<div class=\"elementor-widget-container\">\n\t\t\t\t\t\t\t\t\t<p>Parlez-nous de vous et de ce que vous attendez de Tecma:<\/p>\n\t\t\t\t\t\t\t\t<\/div>\n\t\t\t\t<\/div>\n\t\t\t\t<div class=\"elementor-element elementor-element-6108553 elementor-button-align-end elementor-widget__width-initial elementor-widget elementor-widget-form\" data-id=\"6108553\" data-element_type=\"widget\" data-e-type=\"widget\" data-settings=\"{&quot;step_next_label&quot;:&quot;Suivant&quot;,&quot;step_previous_label&quot;:&quot;Pr\\u00e9c\\u00e9dent&quot;,&quot;button_width&quot;:&quot;100&quot;,&quot;step_type&quot;:&quot;number_text&quot;,&quot;step_icon_shape&quot;:&quot;circle&quot;}\" data-widget_type=\"form.default\">\n\t\t\t\t<div class=\"elementor-widget-container\">\n\t\t\t\t\t\t\t<form class=\"elementor-form\" method=\"post\" id=\"get_a_quote_2\" name=\"Get a Quote\" aria-label=\"Get a Quote\">\n\t\t\t<input type=\"hidden\" name=\"post_id\" value=\"3888\"\/>\n\t\t\t<input type=\"hidden\" name=\"form_id\" value=\"6108553\"\/>\n\t\t\t<input type=\"hidden\" name=\"referer_title\" value=\"TECMA Aluminium\" \/>\n\n\t\t\t\n\t\t\t<div class=\"elementor-form-fields-wrapper elementor-labels-above\">\n\t\t\t\t\t\t\t\t<div class=\"elementor-field-type-text elementor-field-group elementor-column elementor-field-group-company elementor-col-100 elementor-field-required\">\n\t\t\t\t\t\t\t\t\t\t\t\t\t<input size=\"1\" type=\"text\" name=\"form_fields[company]\" id=\"form-field-company\" class=\"elementor-field elementor-size-sm  elementor-field-textual\" placeholder=\"Entreprise *\" required=\"required\">\n\t\t\t\t\t\t\t\t\t\t\t<\/div>\n\t\t\t\t\t\t\t\t<div class=\"elementor-field-type-text elementor-field-group elementor-column elementor-field-group-contact_person elementor-col-100 elementor-field-required\">\n\t\t\t\t\t\t\t\t\t\t\t\t\t<input size=\"1\" type=\"text\" name=\"form_fields[contact_person]\" id=\"form-field-contact_person\" class=\"elementor-field elementor-size-sm  elementor-field-textual\" placeholder=\"Personne-contact *\" required=\"required\">\n\t\t\t\t\t\t\t\t\t\t\t<\/div>\n\t\t\t\t\t\t\t\t<div class=\"elementor-field-type-text elementor-field-group elementor-column elementor-field-group-field_ff5a803 elementor-col-100 elementor-field-required\">\n\t\t\t\t\t\t\t\t\t\t\t\t\t<input size=\"1\" type=\"text\" name=\"form_fields[field_ff5a803]\" id=\"form-field-field_ff5a803\" class=\"elementor-field elementor-size-sm  elementor-field-textual\" placeholder=\"Intitul\u00e9 du Poste *\" required=\"required\">\n\t\t\t\t\t\t\t\t\t\t\t<\/div>\n\t\t\t\t\t\t\t\t<div class=\"elementor-field-type-email elementor-field-group elementor-column elementor-field-group-email elementor-col-100 elementor-field-required\">\n\t\t\t\t\t\t\t\t\t\t\t\t\t<input size=\"1\" type=\"email\" name=\"form_fields[email]\" id=\"form-field-email\" class=\"elementor-field elementor-size-sm  elementor-field-textual\" placeholder=\"E-mail *\" required=\"required\">\n\t\t\t\t\t\t\t\t\t\t\t<\/div>\n\t\t\t\t\t\t\t\t<div class=\"elementor-field-type-tel elementor-field-group elementor-column elementor-field-group-phone elementor-col-100 elementor-field-required\">\n\t\t\t\t\t\t\t<input size=\"1\" type=\"tel\" name=\"form_fields[phone]\" id=\"form-field-phone\" class=\"elementor-field elementor-size-sm  elementor-field-textual\" placeholder=\"T\u00e9l\u00e9phone *\" required=\"required\" pattern=\"[0-9()#&amp;+*-=.]+\" title=\"Seuls les caract\u00e8res de num\u00e9ros de t\u00e9l\u00e9phone (#, -, *, etc.) sont accept\u00e9s.\">\n\n\t\t\t\t\t\t<\/div>\n\t\t\t\t\t\t\t\t<div class=\"elementor-field-type-text elementor-field-group elementor-column elementor-field-group-field_79b4918 elementor-col-100 elementor-field-required\">\n\t\t\t\t\t\t\t\t\t\t\t\t\t<input size=\"1\" type=\"text\" name=\"form_fields[field_79b4918]\" id=\"form-field-field_79b4918\" class=\"elementor-field elementor-size-sm  elementor-field-textual\" placeholder=\"Pays *\" required=\"required\">\n\t\t\t\t\t\t\t\t\t\t\t<\/div>\n\t\t\t\t\t\t\t\t<div class=\"elementor-field-type-textarea elementor-field-group elementor-column elementor-field-group-message elementor-col-100 elementor-field-required\">\n\t\t\t\t\t\t\t\t\t\t\t\t<label for=\"form-field-message\" class=\"elementor-field-label\">\n\t\t\t\t\t\t\t\tDites-nous ce dont vous avez besoin. *\t\t\t\t\t\t\t<\/label>\n\t\t\t\t\t\t<textarea class=\"elementor-field-textual elementor-field  elementor-size-sm\" name=\"form_fields[message]\" id=\"form-field-message\" rows=\"2\" required=\"required\"><\/textarea>\t\t\t\t<\/div>\n\t\t\t\t\t\t\t\t<div class=\"elementor-field-type-textarea elementor-field-group elementor-column elementor-field-group-field_4656a8e elementor-col-100 elementor-field-required\">\n\t\t\t\t\t\t\t\t\t\t\t\t<label for=\"form-field-field_4656a8e\" class=\"elementor-field-label\">\n\t\t\t\t\t\t\t\tEstimated Annual Usage (EAU) *\t\t\t\t\t\t\t<\/label>\n\t\t\t\t\t\t<textarea class=\"elementor-field-textual elementor-field  elementor-size-sm\" name=\"form_fields[field_4656a8e]\" id=\"form-field-field_4656a8e\" rows=\"2\" required=\"required\"><\/textarea>\t\t\t\t<\/div>\n\t\t\t\t\t\t\t\t<div class=\"elementor-field-type-upload elementor-field-group elementor-column elementor-field-group-field_7f802b8 elementor-col-100 elementor-field-required\">\n\t\t\t\t\t\t\t<input type=\"file\" name=\"form_fields[field_7f802b8][]\" id=\"form-field-field_7f802b8\" class=\"elementor-field elementor-size-sm  elementor-upload-field\" required=\"required\" multiple=\"multiple\" data-maxsize=\"2\" data-maxsize-message=\"Ce fichier d\u00e9passe la taille maximale autoris\u00e9e.\">\n\n\t\t\t\t\t\t<\/div>\n\t\t\t\t\t\t\t\t<div class=\"elementor-field-type-acceptance elementor-field-group elementor-column elementor-field-group-field_746cdf9 elementor-col-100 elementor-field-required\">\n\t\t\t\t\t\t\t<div class=\"elementor-field-subgroup\">\n\t\t\t<span class=\"elementor-field-option\">\n\t\t\t\t<input type=\"checkbox\" name=\"form_fields[field_746cdf9]\" id=\"form-field-field_746cdf9\" class=\"elementor-field elementor-size-sm  elementor-acceptance-field\" required=\"required\">\n\t\t\t\t<label for=\"form-field-field_746cdf9\"><a href=\"https:\/\/www.tecmaaluminium.com\/fr\/politique-de-confidentialite\/\" style=\"color:#2A5670;\" target=\"_blank\"> <a href=\"https:\/\/www.tecmaaluminium.com\/fr\/politique-de-confidentialite\/\">Accepter la politique de confidentialit\u00e9 <\/a> <\/a><\/label>\t\t\t<\/span>\n\t\t<\/div>\n\t\t\t\t\t\t<\/div>\n\t\t\t\t\t\t\t\t<div class=\"elementor-field-group elementor-column elementor-field-type-submit elementor-col-100 e-form__buttons\">\n\t\t\t\t\t<button class=\"elementor-button elementor-size-sm\" type=\"submit\">\n\t\t\t\t\t\t<span class=\"elementor-button-content-wrapper\">\n\t\t\t\t\t\t\t\t\t\t\t\t\t\t\t\t\t\t\t\t\t\t<span class=\"elementor-button-text\">ENVOYER<\/span>\n\t\t\t\t\t\t\t\t\t\t\t\t\t<\/span>\n\t\t\t\t\t<\/button>\n\t\t\t\t<\/div>\n\t\t\t<\/div>\n\t\t<\/form>\n\t\t\t\t\t\t<\/div>\n\t\t\t\t<\/div>\n\t\t\t\t<\/div>\n\t\t\t\t<\/div>\n\t\t\t\t<\/div>\n\t\t\t\t<\/div>\n\t\t","protected":false},"excerpt":{"rendered":"<p>Voulez-vous un devisdu guichet uniquede Tecma? Notre \u00e9quipe du guichet unique vous r\u00e9pondra imm\u00e9diatement pour discuter de vos besoins. Enquiries: T. +34 972 59 48 37quote@tecmaaluminium.com OBTENIR UN DEVIS Parlez-nous de vous et de ce que vous attendez de Tecma:<\/p>\n","protected":false},"author":2,"featured_media":0,"parent":0,"menu_order":0,"comment_status":"closed","ping_status":"closed","template":"elementor_canvas","meta":{"footnotes":""},"class_list":["post-3888","page","type-page","status-publish","hentry"],"yoast_head":"<!-- This site is optimized with the Yoast SEO plugin v27.4 - https:\/\/yoast.com\/product\/yoast-seo-wordpress\/ -->\n<title>Obtenir un devis - TECMA Aluminium<\/title>\n<meta name=\"robots\" content=\"index, follow, max-snippet:-1, max-image-preview:large, max-video-preview:-1\" \/>\n<link rel=\"canonical\" href=\"https:\/\/www.tecmaaluminium.com\/fr\/obtenir-un-devis\/\" \/>\n<meta property=\"og:locale\" content=\"fr_FR\" \/>\n<meta property=\"og:type\" content=\"article\" \/>\n<meta property=\"og:title\" content=\"Obtenir un devis - TECMA Aluminium\" \/>\n<meta property=\"og:description\" content=\"Voulez-vous un devisdu guichet uniquede Tecma? Notre \u00e9quipe du guichet unique vous r\u00e9pondra imm\u00e9diatement pour discuter de vos besoins. Enquiries: T. +34 972 59 48 37quote@tecmaaluminium.com OBTENIR UN DEVIS Parlez-nous de vous et de ce que vous attendez de Tecma:\" \/>\n<meta property=\"og:url\" content=\"https:\/\/www.tecmaaluminium.com\/fr\/obtenir-un-devis\/\" \/>\n<meta property=\"og:site_name\" content=\"TECMA Aluminium\" \/>\n<meta property=\"article:modified_time\" content=\"2024-10-18T10:47:34+00:00\" \/>\n<meta property=\"og:image\" content=\"https:\/\/www.tecmaaluminium.com\/wp-content\/uploads\/2023\/08\/logo_tecma_blanc.svg\" \/>\n<meta name=\"twitter:card\" content=\"summary_large_image\" \/>\n<script type=\"application\/ld+json\" class=\"yoast-schema-graph\">{\"@context\":\"https:\\\/\\\/schema.org\",\"@graph\":[{\"@type\":\"WebPage\",\"@id\":\"https:\\\/\\\/www.tecmaaluminium.com\\\/fr\\\/obtenir-un-devis\\\/\",\"url\":\"https:\\\/\\\/www.tecmaaluminium.com\\\/fr\\\/obtenir-un-devis\\\/\",\"name\":\"Obtenir un devis - TECMA Aluminium\",\"isPartOf\":{\"@id\":\"https:\\\/\\\/www.tecmaaluminium.com\\\/fr\\\/#website\"},\"primaryImageOfPage\":{\"@id\":\"https:\\\/\\\/www.tecmaaluminium.com\\\/fr\\\/obtenir-un-devis\\\/#primaryimage\"},\"image\":{\"@id\":\"https:\\\/\\\/www.tecmaaluminium.com\\\/fr\\\/obtenir-un-devis\\\/#primaryimage\"},\"thumbnailUrl\":\"https:\\\/\\\/www.tecmaaluminium.com\\\/wp-content\\\/uploads\\\/2023\\\/08\\\/logo_tecma_blanc.svg\",\"datePublished\":\"2023-09-13T15:15:30+00:00\",\"dateModified\":\"2024-10-18T10:47:34+00:00\",\"breadcrumb\":{\"@id\":\"https:\\\/\\\/www.tecmaaluminium.com\\\/fr\\\/obtenir-un-devis\\\/#breadcrumb\"},\"inLanguage\":\"fr-FR\",\"potentialAction\":[{\"@type\":\"ReadAction\",\"target\":[\"https:\\\/\\\/www.tecmaaluminium.com\\\/fr\\\/obtenir-un-devis\\\/\"]}]},{\"@type\":\"ImageObject\",\"inLanguage\":\"fr-FR\",\"@id\":\"https:\\\/\\\/www.tecmaaluminium.com\\\/fr\\\/obtenir-un-devis\\\/#primaryimage\",\"url\":\"https:\\\/\\\/www.tecmaaluminium.com\\\/wp-content\\\/uploads\\\/2023\\\/08\\\/logo_tecma_blanc.svg\",\"contentUrl\":\"https:\\\/\\\/www.tecmaaluminium.com\\\/wp-content\\\/uploads\\\/2023\\\/08\\\/logo_tecma_blanc.svg\"},{\"@type\":\"BreadcrumbList\",\"@id\":\"https:\\\/\\\/www.tecmaaluminium.com\\\/fr\\\/obtenir-un-devis\\\/#breadcrumb\",\"itemListElement\":[{\"@type\":\"ListItem\",\"position\":1,\"name\":\"Portada\",\"item\":\"https:\\\/\\\/www.tecmaaluminium.com\\\/fr\\\/acccueil\\\/\"},{\"@type\":\"ListItem\",\"position\":2,\"name\":\"Obtenir un devis\"}]},{\"@type\":\"WebSite\",\"@id\":\"https:\\\/\\\/www.tecmaaluminium.com\\\/fr\\\/#website\",\"url\":\"https:\\\/\\\/www.tecmaaluminium.com\\\/fr\\\/\",\"name\":\"TECMA Aluminium\",\"description\":\"L\u00edderes nacionales en la mecanizaci\u00f3n y transformaci\u00f3n de piezas de aluminio\",\"publisher\":{\"@id\":\"https:\\\/\\\/www.tecmaaluminium.com\\\/fr\\\/#organization\"},\"potentialAction\":[{\"@type\":\"SearchAction\",\"target\":{\"@type\":\"EntryPoint\",\"urlTemplate\":\"https:\\\/\\\/www.tecmaaluminium.com\\\/fr\\\/?s={search_term_string}\"},\"query-input\":{\"@type\":\"PropertyValueSpecification\",\"valueRequired\":true,\"valueName\":\"search_term_string\"}}],\"inLanguage\":\"fr-FR\"},{\"@type\":\"Organization\",\"@id\":\"https:\\\/\\\/www.tecmaaluminium.com\\\/fr\\\/#organization\",\"name\":\"TECMA Aluminium\",\"url\":\"https:\\\/\\\/www.tecmaaluminium.com\\\/fr\\\/\",\"logo\":{\"@type\":\"ImageObject\",\"inLanguage\":\"fr-FR\",\"@id\":\"https:\\\/\\\/www.tecmaaluminium.com\\\/fr\\\/#\\\/schema\\\/logo\\\/image\\\/\",\"url\":\"https:\\\/\\\/www.tecmaaluminium.com\\\/wp-content\\\/uploads\\\/2023\\\/08\\\/cropped-logo_TECMA.png\",\"contentUrl\":\"https:\\\/\\\/www.tecmaaluminium.com\\\/wp-content\\\/uploads\\\/2023\\\/08\\\/cropped-logo_TECMA.png\",\"width\":500,\"height\":129,\"caption\":\"TECMA Aluminium\"},\"image\":{\"@id\":\"https:\\\/\\\/www.tecmaaluminium.com\\\/fr\\\/#\\\/schema\\\/logo\\\/image\\\/\"}}]}<\/script>\n<!-- \/ Yoast SEO plugin. -->","yoast_head_json":{"title":"Obtenir un devis - TECMA Aluminium","robots":{"index":"index","follow":"follow","max-snippet":"max-snippet:-1","max-image-preview":"max-image-preview:large","max-video-preview":"max-video-preview:-1"},"canonical":"https:\/\/www.tecmaaluminium.com\/fr\/obtenir-un-devis\/","og_locale":"fr_FR","og_type":"article","og_title":"Obtenir un devis - TECMA Aluminium","og_description":"Voulez-vous un devisdu guichet uniquede Tecma? Notre \u00e9quipe du guichet unique vous r\u00e9pondra imm\u00e9diatement pour discuter de vos besoins. Enquiries: T. +34 972 59 48 37quote@tecmaaluminium.com OBTENIR UN DEVIS Parlez-nous de vous et de ce que vous attendez de Tecma:","og_url":"https:\/\/www.tecmaaluminium.com\/fr\/obtenir-un-devis\/","og_site_name":"TECMA Aluminium","article_modified_time":"2024-10-18T10:47:34+00:00","og_image":[{"url":"https:\/\/www.tecmaaluminium.com\/wp-content\/uploads\/2023\/08\/logo_tecma_blanc.svg","type":"","width":"","height":""}],"twitter_card":"summary_large_image","schema":{"@context":"https:\/\/schema.org","@graph":[{"@type":"WebPage","@id":"https:\/\/www.tecmaaluminium.com\/fr\/obtenir-un-devis\/","url":"https:\/\/www.tecmaaluminium.com\/fr\/obtenir-un-devis\/","name":"Obtenir un devis - TECMA Aluminium","isPartOf":{"@id":"https:\/\/www.tecmaaluminium.com\/fr\/#website"},"primaryImageOfPage":{"@id":"https:\/\/www.tecmaaluminium.com\/fr\/obtenir-un-devis\/#primaryimage"},"image":{"@id":"https:\/\/www.tecmaaluminium.com\/fr\/obtenir-un-devis\/#primaryimage"},"thumbnailUrl":"https:\/\/www.tecmaaluminium.com\/wp-content\/uploads\/2023\/08\/logo_tecma_blanc.svg","datePublished":"2023-09-13T15:15:30+00:00","dateModified":"2024-10-18T10:47:34+00:00","breadcrumb":{"@id":"https:\/\/www.tecmaaluminium.com\/fr\/obtenir-un-devis\/#breadcrumb"},"inLanguage":"fr-FR","potentialAction":[{"@type":"ReadAction","target":["https:\/\/www.tecmaaluminium.com\/fr\/obtenir-un-devis\/"]}]},{"@type":"ImageObject","inLanguage":"fr-FR","@id":"https:\/\/www.tecmaaluminium.com\/fr\/obtenir-un-devis\/#primaryimage","url":"https:\/\/www.tecmaaluminium.com\/wp-content\/uploads\/2023\/08\/logo_tecma_blanc.svg","contentUrl":"https:\/\/www.tecmaaluminium.com\/wp-content\/uploads\/2023\/08\/logo_tecma_blanc.svg"},{"@type":"BreadcrumbList","@id":"https:\/\/www.tecmaaluminium.com\/fr\/obtenir-un-devis\/#breadcrumb","itemListElement":[{"@type":"ListItem","position":1,"name":"Portada","item":"https:\/\/www.tecmaaluminium.com\/fr\/acccueil\/"},{"@type":"ListItem","position":2,"name":"Obtenir un devis"}]},{"@type":"WebSite","@id":"https:\/\/www.tecmaaluminium.com\/fr\/#website","url":"https:\/\/www.tecmaaluminium.com\/fr\/","name":"TECMA Aluminium","description":"L\u00edderes nacionales en la mecanizaci\u00f3n y transformaci\u00f3n de piezas de aluminio","publisher":{"@id":"https:\/\/www.tecmaaluminium.com\/fr\/#organization"},"potentialAction":[{"@type":"SearchAction","target":{"@type":"EntryPoint","urlTemplate":"https:\/\/www.tecmaaluminium.com\/fr\/?s={search_term_string}"},"query-input":{"@type":"PropertyValueSpecification","valueRequired":true,"valueName":"search_term_string"}}],"inLanguage":"fr-FR"},{"@type":"Organization","@id":"https:\/\/www.tecmaaluminium.com\/fr\/#organization","name":"TECMA Aluminium","url":"https:\/\/www.tecmaaluminium.com\/fr\/","logo":{"@type":"ImageObject","inLanguage":"fr-FR","@id":"https:\/\/www.tecmaaluminium.com\/fr\/#\/schema\/logo\/image\/","url":"https:\/\/www.tecmaaluminium.com\/wp-content\/uploads\/2023\/08\/cropped-logo_TECMA.png","contentUrl":"https:\/\/www.tecmaaluminium.com\/wp-content\/uploads\/2023\/08\/cropped-logo_TECMA.png","width":500,"height":129,"caption":"TECMA Aluminium"},"image":{"@id":"https:\/\/www.tecmaaluminium.com\/fr\/#\/schema\/logo\/image\/"}}]}},"_links":{"self":[{"href":"https:\/\/www.tecmaaluminium.com\/fr\/wp-json\/wp\/v2\/pages\/3888","targetHints":{"allow":["GET"]}}],"collection":[{"href":"https:\/\/www.tecmaaluminium.com\/fr\/wp-json\/wp\/v2\/pages"}],"about":[{"href":"https:\/\/www.tecmaaluminium.com\/fr\/wp-json\/wp\/v2\/types\/page"}],"author":[{"embeddable":true,"href":"https:\/\/www.tecmaaluminium.com\/fr\/wp-json\/wp\/v2\/users\/2"}],"replies":[{"embeddable":true,"href":"https:\/\/www.tecmaaluminium.com\/fr\/wp-json\/wp\/v2\/comments?post=3888"}],"version-history":[{"count":3,"href":"https:\/\/www.tecmaaluminium.com\/fr\/wp-json\/wp\/v2\/pages\/3888\/revisions"}],"predecessor-version":[{"id":3891,"href":"https:\/\/www.tecmaaluminium.com\/fr\/wp-json\/wp\/v2\/pages\/3888\/revisions\/3891"}],"wp:attachment":[{"href":"https:\/\/www.tecmaaluminium.com\/fr\/wp-json\/wp\/v2\/media?parent=3888"}],"curies":[{"name":"wp","href":"https:\/\/api.w.org\/{rel}","templated":true}]}}